{"id":902,"date":"2026-04-24T15:59:23","date_gmt":"2026-04-24T19:59:23","guid":{"rendered":"https:\/\/www.evenementsattractions.quebec\/boutique\/?post_type=product&#038;p=902"},"modified":"2026-04-24T15:59:24","modified_gmt":"2026-04-24T19:59:24","slug":"etude-sur-la-tarification-des-festivals-et-evenements","status":"publish","type":"product","link":"https:\/\/www.evenementsattractions.quebec\/boutique\/produit\/etude-sur-la-tarification-des-festivals-et-evenements\/","title":{"rendered":"\u00c9tude sur la tarification des festivals et \u00e9v\u00e9nements"},"content":{"rendered":"<p>Le rapport offre une analyse approfondie des strat\u00e9gies tarifaires adopt\u00e9es par les festivals et \u00e9v\u00e9nements au Qu\u00e9bec. Il met en lumi\u00e8re les pratiques actuelles et innovantes pour optimiser les revenus et l&rsquo;engagement des participant(e)s.<\/p>\n<p>Nos membres devraient commander ce document pour mieux comprendre les dynamiques tarifaires actuelles, ajuster leurs strat\u00e9gies de prix pour attirer plus de visiteur(-euse)s et optimiser leurs revenus en fonction des tendances et des attentes du public. Cela leur permettra de maximiser leur impact et leur succ\u00e8s.<\/p>\n","protected":false},"excerpt":{"rendered":"<p>Pr\u00e8s de 75% des festivals et \u00e9v\u00e9nements sont payants en 2025. La gratuit\u00e9 demeure plus fr\u00e9quente \u00e0 Montr\u00e9al et dans les r\u00e9gions p\u00e9riph\u00e9riques.<\/p>\n","protected":false},"featured_media":903,"template":"","meta":[],"class_list":{"0":"post-902","1":"product","2":"type-product","3":"status-publish","4":"has-post-thumbnail","6":"tags-nouveau","7":"thematiques-developpement-de-produits","8":"thematiques-outils-de-gestion","9":"dates-79","10":"formats-rapport","11":"acces-accessible-a-tous","12":"tarifs-gratuit-pour-les-membres","13":"tarifs-payant-pour-les-non-membres","14":"cibles-festivals-et-evenements","15":"mentions-ce-contenu-a-ete-realise-par-lequipe-recherche-et-intelligence-daffaires-deaq","16":"contact-rechercheeaq-quebec","18":"first","19":"instock","20":"downloadable","21":"virtual","22":"sold-individually","23":"taxable","24":"purchasable","25":"product-type-simple"},"_links":{"self":[{"href":"https:\/\/www.evenementsattractions.quebec\/boutique\/wp-json\/wp\/v2\/product\/902","targetHints":{"allow":["GET"]}}],"collection":[{"href":"https:\/\/www.evenementsattractions.quebec\/boutique\/wp-json\/wp\/v2\/product"}],"about":[{"href":"https:\/\/www.evenementsattractions.quebec\/boutique\/wp-json\/wp\/v2\/types\/product"}],"wp:featuredmedia":[{"embeddable":true,"href":"https:\/\/www.evenementsattractions.quebec\/boutique\/wp-json\/wp\/v2\/media\/903"}],"wp:attachment":[{"href":"https:\/\/www.evenementsattractions.quebec\/boutique\/wp-json\/wp\/v2\/media?parent=902"}],"curies":[{"name":"wp","href":"https:\/\/api.w.org\/{rel}","templated":true}]}}