{"id":898,"date":"2026-04-23T12:03:11","date_gmt":"2026-04-23T16:03:11","guid":{"rendered":"https:\/\/www.evenementsattractions.quebec\/boutique\/?post_type=product&#038;p=898"},"modified":"2026-04-24T11:19:10","modified_gmt":"2026-04-24T15:19:10","slug":"impact-des-festivals-et-attractions-sur-le-bien-etre-2025","status":"publish","type":"product","link":"https:\/\/www.evenementsattractions.quebec\/boutique\/produit\/impact-des-festivals-et-attractions-sur-le-bien-etre-2025\/","title":{"rendered":"Impact des festivals et attractions sur le bien-\u00eatre 2025"},"content":{"rendered":"<p>Cette \u00e9tude strat\u00e9gique met en lumi\u00e8re le r\u00f4le cl\u00e9 des festivals, \u00e9v\u00e9nements et attractions touristiques dans le bien\u2011\u00eatre des Qu\u00e9b\u00e9cois(es), tout en fournissant des donn\u00e9es concr\u00e8tes sur la satisfaction, les b\u00e9n\u00e9fices per\u00e7us et la r\u00e9putation en ligne du secteur.<\/p>\n<p>Bas\u00e9e sur une m\u00e9thodologie robuste combinant sondage populationnel (L\u00e9ger) et analyse de plus de 40 000 avis en ligne (Fairguest), cette \u00e9tude est incontournable pour d\u00e9montrer, chiffres \u00e0 l\u2019appui, l\u2019impact positif des festivals, \u00e9v\u00e9nements et attractions sur la satisfaction et le bien\u2011\u00eatre des Qu\u00e9b\u00e9cois(es).<\/p>\n","protected":false},"excerpt":{"rendered":"<p>La contribution \u00e0 la d\u00e9tente, au divertissement et \u00e0 l\u2019opportunit\u00e9 d\u2019\u00eatre actifs et de bouger sont des b\u00e9n\u00e9fices per\u00e7us de fa\u00e7on importante aupr\u00e8s de plusieurs cat\u00e9gories d\u2019\u00e2ge.<\/p>\n","protected":false},"featured_media":901,"template":"","meta":[],"class_list":{"0":"post-898","1":"product","2":"type-product","3":"status-publish","4":"has-post-thumbnail","6":"tags-nouveau","7":"thematiques-marketing","8":"dates-79","9":"formats-infographie","10":"acces-accessible-a-tous","11":"tarifs-gratuit-pour-tous","12":"cibles-festivals-et-evenements","13":"cibles-attractions-touristiques","14":"mentions-ce-contenu-a-ete-realise-par-lequipe-recherche-et-intelligence-daffaires-deaq","15":"contact-rechercheeaq-quebec","17":"first","18":"instock","19":"downloadable","20":"virtual","21":"sold-individually","22":"taxable","23":"purchasable","24":"product-type-simple"},"_links":{"self":[{"href":"https:\/\/www.evenementsattractions.quebec\/boutique\/wp-json\/wp\/v2\/product\/898","targetHints":{"allow":["GET"]}}],"collection":[{"href":"https:\/\/www.evenementsattractions.quebec\/boutique\/wp-json\/wp\/v2\/product"}],"about":[{"href":"https:\/\/www.evenementsattractions.quebec\/boutique\/wp-json\/wp\/v2\/types\/product"}],"wp:featuredmedia":[{"embeddable":true,"href":"https:\/\/www.evenementsattractions.quebec\/boutique\/wp-json\/wp\/v2\/media\/901"}],"wp:attachment":[{"href":"https:\/\/www.evenementsattractions.quebec\/boutique\/wp-json\/wp\/v2\/media?parent=898"}],"curies":[{"name":"wp","href":"https:\/\/api.w.org\/{rel}","templated":true}]}}