{"id":861,"date":"2026-03-25T16:18:11","date_gmt":"2026-03-25T20:18:11","guid":{"rendered":"https:\/\/www.evenementsattractions.quebec\/boutique\/?post_type=product&#038;p=861"},"modified":"2026-04-13T09:12:48","modified_gmt":"2026-04-13T13:12:48","slug":"boite-a-outils-en-mobilite-durable","status":"publish","type":"product","link":"https:\/\/www.evenementsattractions.quebec\/boutique\/produit\/boite-a-outils-en-mobilite-durable\/","title":{"rendered":"Bo\u00eete \u00e0 outils en mobilit\u00e9 durable"},"content":{"rendered":"<p>La mobilit\u00e9 repr\u00e9sente souvent une part importante de l\u2019<strong>empreinte environnementale des \u00e9v\u00e9nement<\/strong>s. Agir sur cet enjeu, c\u2019est non seulement r\u00e9duire ses impacts, mais aussi :<\/p>\n<ul>\n<li><strong>Am\u00e9liorer l\u2019accessibilit\u00e9<\/strong> de vos \u00e9v\u00e9nements<\/li>\n<li><strong>R\u00e9pondre aux attentes croissantes<\/strong> des publics et partenaires<\/li>\n<li><strong>Renforcer votre positionnement<\/strong> en tant qu\u2019organisation engag\u00e9e<\/li>\n<li><strong>Contribuer \u00e0 un mouvement collectif<\/strong> vers des pratiques plus durables<\/li>\n<\/ul>\n<p>C\u2019est exactement dans cette optique que nous sommes fiers de vous pr\u00e9senter, en exclusivit\u00e9, notre <strong>bo\u00eete \u00e0 outils en mobilit\u00e9 durable<\/strong>, d\u00e9velopp\u00e9e en collaboration avec <a href=\"https:\/\/expertisemobilite.ca\/\" target=\"_blank\" rel=\"noopener\">MOVIA<\/a>. Pens\u00e9e pour les r\u00e9alit\u00e9s du terrain, elle vise \u00e0 accompagner concr\u00e8tement les <strong>festivals et organisations \u00e9v\u00e9nementielles et touristiques<\/strong> dans l\u2019int\u00e9gration de pratiques favorisant des d\u00e9placements plus responsables.<\/p>\n<p>La bo\u00eete \u00e0 outils comprend quatre ressources compl\u00e9mentaires :<\/p>\n<ol>\n<li><strong> Guide d&rsquo;utilisation<\/strong><br \/>\nUn document synth\u00e8se d\u2019une page qui pr\u00e9sente les \u00e9tapes cl\u00e9s pour structurer votre r\u00e9flexion et amorcer votre d\u00e9marche en mobilit\u00e9 durable.<\/li>\n<li><strong> Gabarit de politique de mobilit\u00e9 durable<\/strong><br \/>\nUn mod\u00e8le personnalisable pour formaliser vos engagements et donner un cadre clair \u00e0 vos actions.<\/li>\n<li><strong> Gabarit de plan d\u2019action<\/strong><br \/>\nUn outil concret pour d\u00e9finir vos priorit\u00e9s, vos objectifs et les actions \u00e0 mettre en place selon votre contexte.<\/li>\n<li><strong> R\u00e9pertoire des actions<\/strong><br \/>\nUne banque d\u2019id\u00e9es inspirantes, class\u00e9es selon le type de milieu, les modes de transport et les leviers d\u2019action \u2014 pour vous aider \u00e0 identifier rapidement des solutions adapt\u00e9es \u00e0 votre r\u00e9alit\u00e9.<\/li>\n<li><strong>Une fiche de r\u00e9flexion th\u00e9matique<\/strong><br \/>\nUn support synth\u00e9tique permettant de guider les \u00e9quipes dans l\u2019analyse des enjeux, des opportunit\u00e9s et des bonnes pratiques.<\/li>\n<\/ol>\n<p>Que vous soyez au d\u00e9but de votre r\u00e9flexion ou d\u00e9j\u00e0 engag\u00e9 dans une d\u00e9marche structur\u00e9e, cette bo\u00eete \u00e0 outils a \u00e9t\u00e9 con\u00e7ue pour vous faire gagner du temps, clarifier vos actions et maximiser votre impact.<\/p>\n<p>\ud83d\udc49 <strong>Accessible, pratique et 100 % gratuite<\/strong>, cette bo\u00eete \u00e0 outils vous permet de passer de l\u2019intention \u00e0 l\u2019action, peu importe la taille ou la maturit\u00e9 de votre organisation en mati\u00e8re de mobilit\u00e9 durable.<\/p>\n<p>&nbsp;<\/p>\n<p>Cet outil est rendu disponible gr\u00e2ce au soutien du gouvernement du Qu\u00e9bec dans le cadre du Programme de soutien de projets visant \u00e0 favoriser l&rsquo;utilisation de transports actifs et collectifs lors de festivals et \u00e9v\u00e9nements touristiques au Qu\u00e9bec.<\/p>\n","protected":false},"excerpt":{"rendered":"<p>Cette <strong>bo\u00eete \u00e0 outils en mobilit\u00e9 durable<\/strong>, con\u00e7ue en collaboration avec <a href=\"https:\/\/expertisemobilite.ca\/\" target=\"_blank\" rel=\"noopener\"><strong>MOVIA<\/strong><\/a>, a \u00e9t\u00e9 sp\u00e9cialement con\u00e7ue pour vous aider \u00e0<strong> int\u00e9grer concr\u00e8tement la mobilit\u00e9 durable dans l\u2019organisation de vos \u00e9v\u00e9nements<\/strong>. Des ressources simples, pratiques et \u00e9volutives, bonifi\u00e9es au fil du temps pour vous accompagner dans le passage \u00e0 l\u2019action.<\/p>\n","protected":false},"featured_media":862,"template":"","meta":[],"class_list":{"0":"post-861","1":"product","2":"type-product","3":"status-publish","4":"has-post-thumbnail","6":"tags-nouveau","7":"thematiques-developpement-durable","8":"dates-79","9":"formats-outil","10":"acces-accessible-a-tous","11":"tarifs-gratuit-pour-tous","12":"cibles-festivals-et-evenements","13":"contact-viragedurableeaq-quebec","15":"first","16":"instock","17":"downloadable","18":"virtual","19":"taxable","20":"purchasable","21":"product-type-simple"},"_links":{"self":[{"href":"https:\/\/www.evenementsattractions.quebec\/boutique\/wp-json\/wp\/v2\/product\/861","targetHints":{"allow":["GET"]}}],"collection":[{"href":"https:\/\/www.evenementsattractions.quebec\/boutique\/wp-json\/wp\/v2\/product"}],"about":[{"href":"https:\/\/www.evenementsattractions.quebec\/boutique\/wp-json\/wp\/v2\/types\/product"}],"wp:featuredmedia":[{"embeddable":true,"href":"https:\/\/www.evenementsattractions.quebec\/boutique\/wp-json\/wp\/v2\/media\/862"}],"wp:attachment":[{"href":"https:\/\/www.evenementsattractions.quebec\/boutique\/wp-json\/wp\/v2\/media?parent=861"}],"curies":[{"name":"wp","href":"https:\/\/api.w.org\/{rel}","templated":true}]}}