{"id":834,"date":"2026-02-19T11:04:04","date_gmt":"2026-02-19T16:04:04","guid":{"rendered":"https:\/\/www.evenementsattractions.quebec\/boutique\/?post_type=product&#038;p=834"},"modified":"2026-02-19T11:04:04","modified_gmt":"2026-02-19T16:04:04","slug":"provenance-et-achalandage-des-festivals-2025","status":"publish","type":"product","link":"https:\/\/www.evenementsattractions.quebec\/boutique\/produit\/provenance-et-achalandage-des-festivals-2025\/","title":{"rendered":"Provenance et achalandage des festivals 2025"},"content":{"rendered":"<p>L\u2019infographie dresse un portrait d\u00e9taill\u00e9 de la provenance des festivalier(-i\u00e8re)s dans divers festivals et \u00e9v\u00e9nements au Qu\u00e9bec. Il met en lumi\u00e8re les types de participant(e)s et leurs origines g\u00e9ographiques. En 2025, un peu plus d\u2019uun(e) festivalier(-i\u00e8re) sur trois est un(e) touriste, comptant pour 36 % des participant(e)s, ce qui d\u00e9montre l\u2019attractivit\u00e9 des festivals et leur impact \u00e9conomique sur le tourisme local. Par ailleurs, les r\u00e9gions de Montr\u00e9al et Qu\u00e9bec attirent une proportion \u00e9lev\u00e9e de touristes provenant de l&rsquo;ext\u00e9rieur de la province, tandis que les autres r\u00e9gions du Qu\u00e9bec sont davantage fr\u00e9quent\u00e9es par des Qu\u00e9b\u00e9cois(es).<\/p>\n<p>En commandant cette infographie, nos membres pourront mieux comprendre les dynamiques de fr\u00e9quentation des festivals et \u00e9v\u00e9nements, ajuster leurs strat\u00e9gies de marketing, et optimiser leur planification \u00e9v\u00e9nementielle en fonction. Cela leur permettra de maximiser leur impact et leur succ\u00e8s.<\/p>\n","protected":false},"excerpt":{"rendered":"<p>60,9 % des festivaliers \u00e0 Montr\u00e9al sont des locaux.<\/p>\n","protected":false},"featured_media":836,"template":"","meta":[],"class_list":{"0":"post-834","1":"product","2":"type-product","3":"status-publish","4":"has-post-thumbnail","6":"tags-nouveau","7":"thematiques-outils-de-gestion","8":"dates-79","9":"formats-infographie","10":"acces-accessible-a-tous","11":"tarifs-gratuit-pour-tous","12":"cibles-festivals-et-evenements","13":"mentions-ce-contenu-a-ete-realise-par-lequipe-recherche-et-intelligence-daffaires-deaq","14":"contact-rechercheeaq-quebec","16":"first","17":"instock","18":"downloadable","19":"virtual","20":"sold-individually","21":"taxable","22":"purchasable","23":"product-type-simple"},"_links":{"self":[{"href":"https:\/\/www.evenementsattractions.quebec\/boutique\/wp-json\/wp\/v2\/product\/834","targetHints":{"allow":["GET"]}}],"collection":[{"href":"https:\/\/www.evenementsattractions.quebec\/boutique\/wp-json\/wp\/v2\/product"}],"about":[{"href":"https:\/\/www.evenementsattractions.quebec\/boutique\/wp-json\/wp\/v2\/types\/product"}],"wp:featuredmedia":[{"embeddable":true,"href":"https:\/\/www.evenementsattractions.quebec\/boutique\/wp-json\/wp\/v2\/media\/836"}],"wp:attachment":[{"href":"https:\/\/www.evenementsattractions.quebec\/boutique\/wp-json\/wp\/v2\/media?parent=834"}],"curies":[{"name":"wp","href":"https:\/\/api.w.org\/{rel}","templated":true}]}}