{"id":818,"date":"2026-02-10T07:32:34","date_gmt":"2026-02-10T12:32:34","guid":{"rendered":"https:\/\/www.evenementsattractions.quebec\/boutique\/?post_type=product&#038;p=818"},"modified":"2026-02-18T15:12:04","modified_gmt":"2026-02-18T20:12:04","slug":"trousse-edi-equite-diversite-et-inclusion","status":"publish","type":"product","link":"https:\/\/www.evenementsattractions.quebec\/boutique\/produit\/trousse-edi-equite-diversite-et-inclusion\/","title":{"rendered":"Trousse EDI (\u00e9quit\u00e9, diversit\u00e9 et inclusion)"},"content":{"rendered":"<p>Cette <strong>trousse\u00a0EDI (\u00e9quit\u00e9, diversit\u00e9 et inclusion), <\/strong>r\u00e9alis\u00e9 en partenariat avec <strong>URelles<\/strong>, a \u00e9t\u00e9 sp\u00e9cialement con\u00e7ue pour les organisations membres d\u2019\u00c9v\u00e9nements Attractions Qu\u00e9bec et pour l\u2019ensemble du secteur touristique qu\u00e9b\u00e9cois. Pens\u00e9e pour r\u00e9pondre aux <strong>r\u00e9alit\u00e9s terrain<\/strong>, elle offre une approche <strong>pratique, accessible et ancr\u00e9e dans vos d\u00e9fis quotidiens<\/strong> : accueil de publics diversifi\u00e9s, gestion d\u2019\u00e9quipes saisonni\u00e8res, exigences l\u00e9gales croissantes, attentes nouvelles des bailleurs de fonds, comp\u00e9titivit\u00e9, etc.<\/p>\n<p>Cette ressource compl\u00e8te comprend\u202f:<\/p>\n<p>1. <strong>Un guide pour comprendre les fondements de l\u2019EDI<\/strong>, illustr\u00e9 de donn\u00e9es cl\u00e9s et d\u2019exemples concrets tir\u00e9s du secteur, ainsi que de strat\u00e9gies faciles \u00e0 mettre en \u0153uvre.<br \/>\n2. <strong>Un guide de r\u00e9daction d\u2019une politique EDI<\/strong>, qui d\u00e9taille les sections essentielles, les \u00e9l\u00e9ments obligatoires et les bonnes pratiques adapt\u00e9es \u00e0 votre contexte.<br \/>\n3. <strong>Un mod\u00e8le de politique EDI pr\u00eat \u00e0 personnaliser<\/strong>, modulable selon votre taille, vos r\u00e9alit\u00e9s op\u00e9rationnelles et vos objectifs.<\/p>\n<p>Un contenu concret, ancr\u00e9 dans le terrain qui vous permettra de\u00a0:<\/p>\n<p>&#8211; <strong>Structurer rapidement<\/strong> une politique EDI cr\u00e9dible et adapt\u00e9e \u00e0 votre organisation sans partir de z\u00e9ro.<br \/>\n&#8211; <strong>Passer \u00e0 l&rsquo;action<\/strong> gr\u00e2ce \u00e0 des strat\u00e9gies concr\u00e8tes et applicables \u00e0 toutes tailles d\u2019\u00e9quipes.<br \/>\n&#8211; <strong>Am\u00e9liorer l\u2019exp\u00e9rience des publics diversifi\u00e9s<\/strong>, en tenant compte des besoins d\u2019accessibilit\u00e9, de s\u00e9curit\u00e9, de diversit\u00e9 culturelle et de repr\u00e9sentativit\u00e9.<br \/>\n&#8211; <strong>Renforcer votre attractivit\u00e9<\/strong>, votre capacit\u00e9 de recrutement et votre comp\u00e9titivit\u00e9 dans un march\u00e9 touristique en pleine transformation.<\/p>\n","protected":false},"excerpt":{"rendered":"<p>Pr\u00e8s de 80\u202f% des salari\u00e9(e)s souhaitent travailler pour une organisation qui valorise l\u2019EDI.<\/p>\n","protected":false},"featured_media":819,"template":"","meta":[],"class_list":{"0":"post-818","1":"product","2":"type-product","3":"status-publish","4":"has-post-thumbnail","6":"tags-nouveau","7":"thematiques-developpement-durable","8":"thematiques-outils-de-gestion","9":"thematiques-ressources-humaines","10":"dates-79","11":"formats-outil","12":"acces-accessible-a-tous","13":"tarifs-payant-pour-les-membres","14":"tarifs-payant-pour-les-non-membres","15":"cibles-festivals-et-evenements","16":"cibles-attractions-touristiques","17":"cibles-corporations-touristiques","18":"contact-membershipeaq-quebec","20":"first","21":"instock","22":"downloadable","23":"virtual","24":"sold-individually","25":"taxable","26":"purchasable","27":"product-type-simple"},"_links":{"self":[{"href":"https:\/\/www.evenementsattractions.quebec\/boutique\/wp-json\/wp\/v2\/product\/818","targetHints":{"allow":["GET"]}}],"collection":[{"href":"https:\/\/www.evenementsattractions.quebec\/boutique\/wp-json\/wp\/v2\/product"}],"about":[{"href":"https:\/\/www.evenementsattractions.quebec\/boutique\/wp-json\/wp\/v2\/types\/product"}],"wp:featuredmedia":[{"embeddable":true,"href":"https:\/\/www.evenementsattractions.quebec\/boutique\/wp-json\/wp\/v2\/media\/819"}],"wp:attachment":[{"href":"https:\/\/www.evenementsattractions.quebec\/boutique\/wp-json\/wp\/v2\/media?parent=818"}],"curies":[{"name":"wp","href":"https:\/\/api.w.org\/{rel}","templated":true}]}}