{"id":807,"date":"2026-01-29T11:15:43","date_gmt":"2026-01-29T16:15:43","guid":{"rendered":"https:\/\/www.evenementsattractions.quebec\/boutique\/?post_type=product&#038;p=807"},"modified":"2026-01-29T10:58:47","modified_gmt":"2026-01-29T15:58:47","slug":"e-reputation-strategies-enjeux-avantages-outils-et-perspectives-strategiques-festivals","status":"publish","type":"product","link":"https:\/\/www.evenementsattractions.quebec\/boutique\/produit\/e-reputation-strategies-enjeux-avantages-outils-et-perspectives-strategiques-festivals\/","title":{"rendered":"E-r\u00e9putation strat\u00e9gies, enjeux, avantages, outils et perspectives strat\u00e9giques &#8211; Festivals"},"content":{"rendered":"<p>Le <strong>feuillet strat\u00e9gique d\u00e9di\u00e9 \u00e0 l\u2019e\u2011r\u00e9putation des festivals et \u00e9v\u00e9nements<\/strong> pr\u00e9sente les enjeux propres aux \u00e9v\u00e9nements dont l\u2019activit\u00e9 se d\u00e9roule sur une courte p\u00e9riode. Il explique comment g\u00e9rer efficacement sa r\u00e9putation num\u00e9rique en temps r\u00e9el, quels outils et indicateurs suivre, et comment renforcer sa cr\u00e9dibilit\u00e9 aupr\u00e8s du public et des partenaires.<br \/>\nBas\u00e9 sur les donn\u00e9es provinciales, il fournit des bonnes pratiques et un cadre strat\u00e9gique pour int\u00e9grer l\u2019e\u2011r\u00e9putation au c\u0153ur de la gestion \u00e9v\u00e9nementielle et optimiser l\u2019impact de chaque \u00e9dition.<\/p>\n<p>&nbsp;<\/p>\n","protected":false},"excerpt":{"rendered":"<p>89 % des consommateur(rice)s estiment que les avis en ligne sont aussi cr\u00e9dible qu\u2019une recommandation.<\/p>\n","protected":false},"featured_media":808,"template":"","meta":[],"class_list":{"0":"post-807","1":"product","2":"type-product","3":"status-publish","4":"has-post-thumbnail","6":"tags-nouveau","7":"thematiques-innovation-et-numerique","8":"thematiques-marketing","9":"thematiques-service-clientele","10":"dates-79","11":"formats-feuillet","12":"acces-accessible-a-tous","13":"tarifs-gratuit-pour-les-membres","14":"tarifs-payant-pour-les-non-membres","15":"cibles-festivals-et-evenements","16":"mentions-ce-contenu-a-ete-realise-par-lequipe-recherche-et-intelligence-daffaires-deaq","17":"contact-rechercheeaq-quebec","19":"first","20":"instock","21":"downloadable","22":"virtual","23":"sold-individually","24":"taxable","25":"purchasable","26":"product-type-simple"},"_links":{"self":[{"href":"https:\/\/www.evenementsattractions.quebec\/boutique\/wp-json\/wp\/v2\/product\/807","targetHints":{"allow":["GET"]}}],"collection":[{"href":"https:\/\/www.evenementsattractions.quebec\/boutique\/wp-json\/wp\/v2\/product"}],"about":[{"href":"https:\/\/www.evenementsattractions.quebec\/boutique\/wp-json\/wp\/v2\/types\/product"}],"wp:featuredmedia":[{"embeddable":true,"href":"https:\/\/www.evenementsattractions.quebec\/boutique\/wp-json\/wp\/v2\/media\/808"}],"wp:attachment":[{"href":"https:\/\/www.evenementsattractions.quebec\/boutique\/wp-json\/wp\/v2\/media?parent=807"}],"curies":[{"name":"wp","href":"https:\/\/api.w.org\/{rel}","templated":true}]}}