{"id":804,"date":"2026-01-29T11:15:47","date_gmt":"2026-01-29T16:15:47","guid":{"rendered":"https:\/\/www.evenementsattractions.quebec\/boutique\/?post_type=product&#038;p=804"},"modified":"2026-04-13T09:09:06","modified_gmt":"2026-04-13T13:09:06","slug":"e-reputation-strategies-outils-et-bonnes-pratiques-attractions","status":"publish","type":"product","link":"https:\/\/www.evenementsattractions.quebec\/boutique\/produit\/e-reputation-strategies-outils-et-bonnes-pratiques-attractions\/","title":{"rendered":"E-r\u00e9putation strat\u00e9gies, outils et bonnes pratiques &#8211; Attractions"},"content":{"rendered":"<p>Le <strong>feuillet strat\u00e9gique d\u00e9di\u00e9 \u00e0 l\u2019e\u2011r\u00e9putation des attractions touristiques<\/strong> propose une analyse claire, pratique et adapt\u00e9e aux r\u00e9alit\u00e9s des organisations dont l\u2019activit\u00e9 se d\u00e9ploie <strong>tout au long de l\u2019ann\u00e9e<\/strong>. Dans un contexte o\u00f9 les avis en ligne influencent fortement les d\u00e9cisions des visiteurs, ce document constitue un outil essentiel pour renforcer la cr\u00e9dibilit\u00e9 num\u00e9rique, optimiser son image et am\u00e9liorer l\u2019exp\u00e9rience client.<\/p>\n","protected":false},"excerpt":{"rendered":"<p>93% des consommateur(-rice)s canadien(-ne)s lisent des avis avant de faire un achat.<\/p>\n","protected":false},"featured_media":806,"template":"","meta":[],"class_list":{"0":"post-804","1":"product","2":"type-product","3":"status-publish","4":"has-post-thumbnail","6":"tags-nouveau","7":"thematiques-innovation-et-numerique","8":"thematiques-marketing","9":"thematiques-service-clientele","10":"dates-79","11":"formats-feuillet","12":"acces-accessible-a-tous","13":"tarifs-gratuit-pour-les-membres","14":"tarifs-payant-pour-les-non-membres","15":"cibles-attractions-touristiques","16":"mentions-ce-contenu-a-ete-realise-par-lequipe-recherche-et-intelligence-daffaires-deaq","17":"contact-rechercheeaq-quebec","19":"first","20":"instock","21":"downloadable","22":"virtual","23":"sold-individually","24":"taxable","25":"purchasable","26":"product-type-simple"},"_links":{"self":[{"href":"https:\/\/www.evenementsattractions.quebec\/boutique\/wp-json\/wp\/v2\/product\/804","targetHints":{"allow":["GET"]}}],"collection":[{"href":"https:\/\/www.evenementsattractions.quebec\/boutique\/wp-json\/wp\/v2\/product"}],"about":[{"href":"https:\/\/www.evenementsattractions.quebec\/boutique\/wp-json\/wp\/v2\/types\/product"}],"wp:featuredmedia":[{"embeddable":true,"href":"https:\/\/www.evenementsattractions.quebec\/boutique\/wp-json\/wp\/v2\/media\/806"}],"wp:attachment":[{"href":"https:\/\/www.evenementsattractions.quebec\/boutique\/wp-json\/wp\/v2\/media?parent=804"}],"curies":[{"name":"wp","href":"https:\/\/api.w.org\/{rel}","templated":true}]}}