{"id":778,"date":"2025-11-27T10:43:01","date_gmt":"2025-11-27T15:43:01","guid":{"rendered":"https:\/\/www.evenementsattractions.quebec\/boutique\/?post_type=product&#038;p=778"},"modified":"2026-02-19T11:05:50","modified_gmt":"2026-02-19T16:05:50","slug":"donnees-globales-des-intentions-de-visite-hivernales-des-ontariennes-en-2025","status":"publish","type":"product","link":"https:\/\/www.evenementsattractions.quebec\/boutique\/produit\/donnees-globales-des-intentions-de-visite-hivernales-des-ontariennes-en-2025\/","title":{"rendered":"Donn\u00e9es globales des intentions de visite hivernales des Ontarien(ne)s en 2025"},"content":{"rendered":"<p>LES QU\u00c9B\u00c9COIS(ES) ET LES ONTARIEN(NE)S SERONT TR\u00c8S ACTIF(-VE)S CET HIVER : UNE SAISON QUI S\u2019ANNONCE PROMETTEUSE POUR LES ACTIVIT\u00c9S R\u00c9CR\u00c9OTOURISTIQUES<\/p>\n<p>\u00c9v\u00e9nements Attractions Qu\u00e9bec (\u00c9AQ), en collaboration avec SEGMA Recherche, l\u2019Association des stations de ski du Qu\u00e9bec et l\u2019Association qu\u00e9b\u00e9coise des spas, d\u00e9voile les r\u00e9sultats tr\u00e8s positifs de son enqu\u00eate annuelle sur les intentions de visites hivernales des populations qu\u00e9b\u00e9coise et ontarienne. 74 % des Qu\u00e9b\u00e9cois(es) pr\u00e9voient prendre part \u00e0 au moins une activit\u00e9 r\u00e9cr\u00e9otouristique durant l\u2019hiver 2025-2026, pour une moyenne de pr\u00e8s de six sorties par personne. Du c\u00f4t\u00e9 de l\u2019Ontario, 48 % des r\u00e9pondant(e)s envisagent une visite au Qu\u00e9bec. Les conclusions sont claires : malgr\u00e9 un contexte inflationniste, les Qu\u00e9b\u00e9cois(es) et Ontarien(ne)s pr\u00e9voient \u00eatre nombreux \u00e0 profiter de l\u2019hiver pour bouger, se divertir et vivre des exp\u00e9riences vari\u00e9es.<\/p>\n<p>Pour en savoir plus, <a href=\"https:\/\/www.evenementsattractions.quebec\/nouvelles\">consultez le communiqu\u00e9 de presse<\/a><\/p>\n","protected":false},"excerpt":{"rendered":"<p>Les tendances \u00e0 surveiller<\/p>\n<p>Les Ontarien(ne)s qui visiteront le Qu\u00e9bec cet hiver comptent miser sur les mus\u00e9es, centres d\u2019interpr\u00e9tation et sites historiques, ainsi que les march\u00e9s de No\u00ebl avec un taux d\u2019intention ferme similaire de 38 %.<\/p>\n","protected":false},"featured_media":779,"template":"","meta":[],"class_list":{"0":"post-778","1":"product","2":"type-product","3":"status-publish","4":"has-post-thumbnail","6":"thematiques-marketing","7":"dates-50","8":"formats-infographie","9":"acces-accessible-a-tous","10":"tarifs-gratuit-pour-tous","11":"cibles-festivals-et-evenements","12":"cibles-attractions-touristiques","13":"cibles-corporations-touristiques","14":"mentions-ce-contenu-a-ete-realise-par-lequipe-recherche-et-intelligence-daffaires-deaq","15":"contact-rechercheeaq-quebec","17":"first","18":"instock","19":"downloadable","20":"virtual","21":"sold-individually","22":"taxable","23":"purchasable","24":"product-type-simple"},"_links":{"self":[{"href":"https:\/\/www.evenementsattractions.quebec\/boutique\/wp-json\/wp\/v2\/product\/778","targetHints":{"allow":["GET"]}}],"collection":[{"href":"https:\/\/www.evenementsattractions.quebec\/boutique\/wp-json\/wp\/v2\/product"}],"about":[{"href":"https:\/\/www.evenementsattractions.quebec\/boutique\/wp-json\/wp\/v2\/types\/product"}],"wp:featuredmedia":[{"embeddable":true,"href":"https:\/\/www.evenementsattractions.quebec\/boutique\/wp-json\/wp\/v2\/media\/779"}],"wp:attachment":[{"href":"https:\/\/www.evenementsattractions.quebec\/boutique\/wp-json\/wp\/v2\/media?parent=778"}],"curies":[{"name":"wp","href":"https:\/\/api.w.org\/{rel}","templated":true}]}}