{"id":719,"date":"2025-09-19T12:07:20","date_gmt":"2025-09-19T16:07:20","guid":{"rendered":"https:\/\/www.evenementsattractions.quebec\/boutique\/?post_type=product&#038;p=719"},"modified":"2025-09-24T08:31:29","modified_gmt":"2025-09-24T12:31:29","slug":"linnovation-en-tourisme-ou-en-sommes-nous","status":"publish","type":"product","link":"https:\/\/www.evenementsattractions.quebec\/boutique\/produit\/linnovation-en-tourisme-ou-en-sommes-nous\/","title":{"rendered":"L&rsquo;innovation en tourisme, o\u00f9 en sommes-nous?"},"content":{"rendered":"<p>La d\u00e9finition de l\u2019innovation dans l\u2019industrie du tourisme de loisir et de culture n\u2019est pas clairement d\u00e9finie. Les organisations touristiques et les experts en innovation n\u2019en ont pas la m\u00eame d\u00e9finition. Mais alors, o\u00f9 en sommes-nous en innovation en tourisme?<\/p>\n","protected":false},"excerpt":{"rendered":"<p>92% des organisations touristiques jugent l\u2019innovation tr\u00e8s importante, mais o\u00f9 en sont-ils vraiment dans leurs pratiques?<\/p>\n","protected":false},"featured_media":724,"template":"","meta":[],"class_list":{"0":"post-719","1":"product","2":"type-product","3":"status-publish","4":"has-post-thumbnail","6":"thematiques-innovation-et-numerique","7":"dates-48","8":"formats-infographie","9":"acces-accessible-a-tous","10":"tarifs-gratuit-pour-tous","11":"cibles-festivals-et-evenements","12":"cibles-attractions-touristiques","13":"cibles-corporations-touristiques","14":"contact-membershipeaq-quebec","16":"first","17":"instock","18":"downloadable","19":"virtual","20":"sold-individually","21":"taxable","22":"purchasable","23":"product-type-simple"},"_links":{"self":[{"href":"https:\/\/www.evenementsattractions.quebec\/boutique\/wp-json\/wp\/v2\/product\/719","targetHints":{"allow":["GET"]}}],"collection":[{"href":"https:\/\/www.evenementsattractions.quebec\/boutique\/wp-json\/wp\/v2\/product"}],"about":[{"href":"https:\/\/www.evenementsattractions.quebec\/boutique\/wp-json\/wp\/v2\/types\/product"}],"wp:featuredmedia":[{"embeddable":true,"href":"https:\/\/www.evenementsattractions.quebec\/boutique\/wp-json\/wp\/v2\/media\/724"}],"wp:attachment":[{"href":"https:\/\/www.evenementsattractions.quebec\/boutique\/wp-json\/wp\/v2\/media?parent=719"}],"curies":[{"name":"wp","href":"https:\/\/api.w.org\/{rel}","templated":true}]}}