{"id":552,"date":"2025-08-08T14:39:59","date_gmt":"2025-08-08T18:39:59","guid":{"rendered":"https:\/\/www.evenementsattractions.quebec\/boutique\/?post_type=product&#038;p=552"},"modified":"2026-02-18T15:15:05","modified_gmt":"2026-02-18T20:15:05","slug":"outil-de-recherche-de-financement-pour-les-festivals-et-evenements-sportifs-au-quebec","status":"publish","type":"product","link":"https:\/\/www.evenementsattractions.quebec\/boutique\/produit\/outil-de-recherche-de-financement-pour-les-festivals-et-evenements-sportifs-au-quebec\/","title":{"rendered":"Outil de recherche de financement pour les festivals et \u00e9v\u00e9nements sportifs au Qu\u00e9bec"},"content":{"rendered":"<p>En compl\u00e9ment de l&rsquo;\u00e9tude de l&rsquo;\u00e9cosyst\u00e8me des festivals et \u00e9v\u00e9nements sportifs au Qu\u00e9bec, \u00c9AQ sort un outil de recherche de financement sp\u00e9cifique.<\/p>\n<p><strong>Pour en savoir plus sur l&rsquo;\u00e9tude :\u00a0<\/strong><\/p>\n<p>Depuis plusieurs ann\u00e9es, l\u2019engouement pour les festivals et \u00e9v\u00e9nements de cat\u00e9gorie sportive ne cesse de cro\u00eetre. Par leur nature, cependant, la repr\u00e9sentation de ceux-ci peut parfois apporter certains d\u00e9fis. \u00c9v\u00e9nements Attraction Qu\u00e9bec est fi\u00e8re de pr\u00e9senter sa toute derni\u00e8re \u00e9tude sur l&rsquo;\u00e9cosyst\u00e8me des festivals et \u00e9v\u00e9nements sportifs au Qu\u00e9bec.<\/p>\n","protected":false},"excerpt":{"rendered":"<table class=\"formulairenew\" border=\"0\" cellspacing=\"0\" cellpadding=\"0\">\n<tbody>\n<tr id=\"ROWORD1\">\n<td colspan=\"4\">\n<div class=\"Format4\" align=\"left\">L&rsquo;\u00e9tude divis\u00e9e en trois volets a permis de faire l&rsquo;\u00e9tat de la situation en identifiant la panoplie de festivals et \u00e9v\u00e9nements sportifs ayant eu lieu en 2023 au Qu\u00e9bec; de mettre en lumi\u00e8re les diff\u00e9rentes instances, partenaires, bailleurs de fonds ainsi que les diff\u00e9rents programmes de financement se rapportant \u00e0 ce milieu, et enfin, de faire ressortir les enjeux principaux d\u2019organisations.<\/div>\n<\/td>\n<\/tr>\n<tr class=\"EspFormat1\">\n<td colspan=\"4\"><\/td>\n<\/tr>\n<\/tbody>\n<\/table>\n","protected":false},"featured_media":650,"template":"","meta":[],"class_list":{"0":"post-552","1":"product","2":"type-product","3":"status-publish","4":"has-post-thumbnail","6":"thematiques-financement","7":"dates-49","8":"formats-outil","9":"acces-accessible-a-tous","10":"tarifs-payant-pour-les-membres","11":"tarifs-payant-pour-les-non-membres","12":"cibles-festivals-et-evenements","13":"mentions-ce-contenu-a-ete-realise-par-lequipe-recherche-et-intelligence-daffaires-deaq","14":"contact-rechercheeaq-quebec","16":"first","17":"instock","18":"downloadable","19":"virtual","20":"sold-individually","21":"taxable","22":"purchasable","23":"product-type-simple"},"_links":{"self":[{"href":"https:\/\/www.evenementsattractions.quebec\/boutique\/wp-json\/wp\/v2\/product\/552","targetHints":{"allow":["GET"]}}],"collection":[{"href":"https:\/\/www.evenementsattractions.quebec\/boutique\/wp-json\/wp\/v2\/product"}],"about":[{"href":"https:\/\/www.evenementsattractions.quebec\/boutique\/wp-json\/wp\/v2\/types\/product"}],"wp:featuredmedia":[{"embeddable":true,"href":"https:\/\/www.evenementsattractions.quebec\/boutique\/wp-json\/wp\/v2\/media\/650"}],"wp:attachment":[{"href":"https:\/\/www.evenementsattractions.quebec\/boutique\/wp-json\/wp\/v2\/media?parent=552"}],"curies":[{"name":"wp","href":"https:\/\/api.w.org\/{rel}","templated":true}]}}