{"id":547,"date":"2025-08-08T14:11:58","date_gmt":"2025-08-08T18:11:58","guid":{"rendered":"https:\/\/www.evenementsattractions.quebec\/boutique\/?post_type=product&#038;p=547"},"modified":"2026-02-18T15:16:19","modified_gmt":"2026-02-18T20:16:19","slug":"guide-daccompagnement-pour-les-demandes-de-subventions","status":"publish","type":"product","link":"https:\/\/www.evenementsattractions.quebec\/boutique\/produit\/guide-daccompagnement-pour-les-demandes-de-subventions\/","title":{"rendered":"Guide d&rsquo;accompagnement pour les demandes de subvention"},"content":{"rendered":"<p>Depuis toujours, le financement est un enjeu majeur pour les festivals, \u00e9v\u00e9nements et attractions touristiques. Dans le but d\u2019aider les organisations \u00e0 optimiser le temps, la qualit\u00e9 de leurs r\u00e9ponses et l\u2019efficacit\u00e9 des informations transmises, nous avons cr\u00e9\u00e9, en collaboration avec Claudine Drolet de\u00a0<a href=\"https:\/\/digihub.ca\/\" target=\"_blank\" rel=\"noopener\">DigiHub<\/a>, ce\u00a0<b>guide de r\u00e9f\u00e9rence<\/b>\u00a0qui recense les diff\u00e9rentes \u00e9tapes pour l&rsquo;identification et l&rsquo;analyse des demandes de subvention.<\/p>\n","protected":false},"excerpt":{"rendered":"<p>Cette proposition contient 2 documents\u00a0: un\u00a0<b>Guide pour vous aiguiller<\/b>\u00a0\u00e0 vous poser les bonnes questions; ainsi qu\u2019une\u00a0<b>liste de contr\u00f4le<\/b>\u00a0pour les informations et documents les plus fr\u00e9quemment demand\u00e9s.<\/p>\n","protected":false},"featured_media":661,"template":"","meta":[],"class_list":{"0":"post-547","1":"product","2":"type-product","3":"status-publish","4":"has-post-thumbnail","6":"tags-populaire","7":"thematiques-financement","8":"dates-49","9":"formats-outil","10":"acces-accessible-a-tous","11":"tarifs-payant-pour-les-membres","12":"tarifs-payant-pour-les-non-membres","13":"cibles-festivals-et-evenements","14":"cibles-attractions-touristiques","15":"cibles-corporations-touristiques","16":"contact-membershipeaq-quebec","18":"first","19":"instock","20":"downloadable","21":"virtual","22":"sold-individually","23":"taxable","24":"purchasable","25":"product-type-simple"},"_links":{"self":[{"href":"https:\/\/www.evenementsattractions.quebec\/boutique\/wp-json\/wp\/v2\/product\/547","targetHints":{"allow":["GET"]}}],"collection":[{"href":"https:\/\/www.evenementsattractions.quebec\/boutique\/wp-json\/wp\/v2\/product"}],"about":[{"href":"https:\/\/www.evenementsattractions.quebec\/boutique\/wp-json\/wp\/v2\/types\/product"}],"wp:featuredmedia":[{"embeddable":true,"href":"https:\/\/www.evenementsattractions.quebec\/boutique\/wp-json\/wp\/v2\/media\/661"}],"wp:attachment":[{"href":"https:\/\/www.evenementsattractions.quebec\/boutique\/wp-json\/wp\/v2\/media?parent=547"}],"curies":[{"name":"wp","href":"https:\/\/api.w.org\/{rel}","templated":true}]}}