{"id":545,"date":"2025-08-08T13:54:43","date_gmt":"2025-08-08T17:54:43","guid":{"rendered":"https:\/\/www.evenementsattractions.quebec\/boutique\/?post_type=product&#038;p=545"},"modified":"2025-12-03T15:46:40","modified_gmt":"2025-12-03T20:46:40","slug":"guide-daccompagnement-vers-des-evenements-carboneutres","status":"publish","type":"product","link":"https:\/\/www.evenementsattractions.quebec\/boutique\/produit\/guide-daccompagnement-vers-des-evenements-carboneutres\/","title":{"rendered":"Guide d&rsquo;accompagnement vers des \u00e9v\u00e9nements carboneutres"},"content":{"rendered":"<p>Face \u00e0 l\u2019<span class=\"orange\"><strong>urgence d\u2019agir pour atteindre la carboneutralit\u00e9 d\u2019ici 2050<\/strong><\/span>, il est essentiel que tous les secteurs d\u2019activit\u00e9s se mobilisent et contribuent activement \u00e0 l\u2019atteinte de cet objectif, y compris le milieu de l\u2019\u00e9v\u00e9nementiel.<\/p>\n<p><strong>\u00c9v\u00e9nements Attractions Qu\u00e9bec (\u00c9AQ)<\/strong>, en partenariat avec Destination Qu\u00e9bec Cit\u00e9 et le Conseil qu\u00e9b\u00e9cois des \u00e9v\u00e9nements \u00e9coresponsable (CQEER), a men\u00e9\u00a0<span class=\"orange\"><strong>un mandat d\u2019analyse et de caract\u00e9risation des m\u00e9thodes d\u2019\u00e9valuation et de compensation des GES aupr\u00e8s de trois \u00e9v\u00e9nements<\/strong><\/span>\u00a0: les Mosa\u00efcultures Qu\u00e9bec 2022, le March\u00e9 de No\u00ebl allemand de Qu\u00e9bec 2022 et le Carnaval de Qu\u00e9bec 2023. Les r\u00e9sultats, disponibles dans un rapport, ont permis de r\u00e9aliser\u00a0<strong>un guide afin d\u2019outiller les organisations \u00e9v\u00e9nementielles \u00e0 atteindre la carboneutralit\u00e9.<\/strong><\/p>\n<p><strong>Rabais de 30% pour les membres :<\/strong> <strong><a href=\"https:\/\/formulaires.satqfeq.com\/netforms.php?fid=095FDC3C-15B9-4E2D-90E6-30F84248BADF&amp;lid=1\" target=\"_blank\" rel=\"noopener\">commandez-le d\u00e8s maintenant!<\/a><\/strong><\/p>\n","protected":false},"excerpt":{"rendered":"<p>Il se d\u00e9cline en diff\u00e9rentes \u00e9tapes, soit\u00a0<strong>la r\u00e9duction<\/strong>,\u00a0<strong>la comptabilisation<\/strong>\u00a0et\u00a0<strong>la compensation<\/strong>\u00a0des \u00e9missions de GES. Vous y trouverez\u00a0<strong>des explications pratiques,\u00a0des constats,\u00a0des pistes d\u2019actions,\u00a0des propositions d\u2019outils,\u00a0des bons coups\u00a0et plein d\u2019autres informations utiles pour vous accompagner pas \u00e0 pas et en toute simplicit\u00e9 vers des \u00e9v\u00e9nements carboneutres.<\/strong><\/p>\n","protected":false},"featured_media":640,"template":"","meta":[],"class_list":{"0":"post-545","1":"product","2":"type-product","3":"status-publish","4":"has-post-thumbnail","6":"thematiques-developpement-durable","7":"dates-49","8":"formats-outil","9":"acces-accessible-a-tous","10":"tarifs-payant-pour-les-membres","11":"tarifs-payant-pour-les-non-membres","12":"cibles-festivals-et-evenements","13":"cibles-attractions-touristiques","14":"cibles-corporations-touristiques","15":"contact-viragedurableeaq-quebec","17":"first","18":"instock","19":"downloadable","20":"virtual","21":"sold-individually","22":"taxable","23":"purchasable","24":"product-type-simple"},"_links":{"self":[{"href":"https:\/\/www.evenementsattractions.quebec\/boutique\/wp-json\/wp\/v2\/product\/545","targetHints":{"allow":["GET"]}}],"collection":[{"href":"https:\/\/www.evenementsattractions.quebec\/boutique\/wp-json\/wp\/v2\/product"}],"about":[{"href":"https:\/\/www.evenementsattractions.quebec\/boutique\/wp-json\/wp\/v2\/types\/product"}],"wp:featuredmedia":[{"embeddable":true,"href":"https:\/\/www.evenementsattractions.quebec\/boutique\/wp-json\/wp\/v2\/media\/640"}],"wp:attachment":[{"href":"https:\/\/www.evenementsattractions.quebec\/boutique\/wp-json\/wp\/v2\/media?parent=545"}],"curies":[{"name":"wp","href":"https:\/\/api.w.org\/{rel}","templated":true}]}}