{"id":542,"date":"2025-07-14T14:15:44","date_gmt":"2025-07-14T18:15:44","guid":{"rendered":"https:\/\/www.evenementsattractions.quebec\/boutique\/?post_type=product&#038;p=542"},"modified":"2025-09-18T11:41:22","modified_gmt":"2025-09-18T15:41:22","slug":"loi-25-tout-pour-vous-outiller","status":"publish","type":"product","link":"https:\/\/www.evenementsattractions.quebec\/boutique\/produit\/loi-25-tout-pour-vous-outiller\/","title":{"rendered":"Loi 25 : tout pour vous outiller"},"content":{"rendered":"<p>Vous \u00eates tous et toutes de plus en plus sensibilis\u00e9(e)s \u00e0 l\u2019importance et aux enjeux touchant la cybers\u00e9curit\u00e9 et la protection des donn\u00e9es personnelles, notamment la loi 25 en vigueur depuis septembre 2022. \u00c9v\u00e9nements Attractions Qu\u00e9bec vous donne un coup de pouce en mettant \u00e0 votre disposition une page d\u00e9di\u00e9e!<\/p>\n<p><strong>La loi 25, qu\u2019est-ce que c\u2019est?<\/strong><\/p>\n<p>La loi 25 a comme objectif de baliser et de mieux g\u00e9rer la protection des renseignements personnels des individus au Qu\u00e9bec afin qu\u2019elle soit mieux adapt\u00e9e aux nouveaux d\u00e9fis pos\u00e9s par l\u2019environnement num\u00e9rique et technologique actuel, et ce, dans tous les contextes et pour tous les types d\u2019entreprises.<\/p>\n<p>La mise en conformit\u00e9 est un processus complexe et prenant. Nous avons donc s\u00e9lectionn\u00e9 quelques initiatives gouvernementales ou organisationnelles pour vous aiguiller! D\u00e9couvrez-les plus.<\/p>\n","protected":false},"excerpt":{"rendered":"<p><strong>Loi 25<\/strong><\/p>\n<p>Webinaires en rediffusion\u00a0:<\/p>\n<ul>\n<li><a href=\"https:\/\/www.youtube.com\/watch?v=9tY_sfSPlRQ\">La loi 25, par o\u00f9 commencer<\/a>, pr\u00e9sent\u00e9 par Viet Cao, Synapse C<\/li>\n<\/ul>\n<p>Autres ressources\u00a0:<\/p>\n<ul>\n<li>Blogue\u00a0: <a href=\"https:\/\/www.evenementsattractions.quebec\/ressources\/blogue\/loi-25-par-ou-commencer\">La loi 25, par o\u00f9 commencer<\/a><\/li>\n<li>Aide-m\u00e9moire\u00a0: <a href=\"https:\/\/evenementsattractions.quebec\/satq\/pdf\/Accompagnement\/Numerique\/Numerique-Blogue_Inforgraphie-Loi-25.png\">La loi 25, par o\u00f9 commencer<\/a><\/li>\n<li><a href=\"https:\/\/www.numerique.eaq.quebec\/accompagnement\">Virage Num\u00e9rique<\/a><\/li>\n<li>Site web\u00a0: <a href=\"https:\/\/maloi25.ca\/\">ca<\/a><\/li>\n<li><a href=\"http:\/\/mesprocedures.ca\/\">Trousse de proc\u00e9dures internes<\/a> par Cy-Clic<\/li>\n<li><a href=\"https:\/\/www.cy-clic.com\/fr\/efvp\">Outil pour simplifier la r\u00e9daction des rapports d\u2019\u00c9valuation des Facteurs relatifs \u00e0 la Vie Priv\u00e9e (\u00c9FVP)<\/a> par Cy-Clic<\/li>\n<\/ul>\n<p><strong>Cybers\u00e9curit\u00e9<\/strong><\/p>\n<p>Webinaires en rediffusion\u00a0:<\/p>\n<ul>\n<li><a href=\"https:\/\/www.youtube.com\/watch?v=vrQmlDGEGiA&amp;list=PLDxANWYTDwKCMh2AluZJKJozWB6PG_DqF&amp;index=15\">Mots de passe et authentification s\u00e9curis\u00e9e<\/a>, par \u00c9meline Manson, Cy-Clic<\/li>\n<li><a href=\"https:\/\/www.youtube.com\/watch?v=Ke_NzcwBiO8&amp;t=8s\">Cybers\u00e9curit\u00e9\u00a0: nouvelles tendances et meilleures pratiques<\/a>, par \u00c9meline Manson, Cy-Clic<\/li>\n<\/ul>\n<p>Autres ressources\u00a0:<\/p>\n<ul>\n<li>Capsule\u00a0: <a href=\"https:\/\/www.youtube.com\/watch?v=lF7lMJLqieM\">Sensibilisation \u00e0 la cybers\u00e9curit\u00e9<\/a><\/li>\n<li><a href=\"https:\/\/www.cyber.gc.ca\/fr\">Le Centre canadien pour la cybers\u00e9curit\u00e9<\/a><\/li>\n<li><a href=\"https:\/\/www.cyber.gc.ca\/sites\/default\/files\/cyber\/publications\/Baseline.Controls.SMO1_.2-fr.pdf\">Contr\u00f4le de cybers\u00e9curit\u00e9 de base pour les petites et moyennes organisations<\/a><\/li>\n<li><a href=\"https:\/\/www.pensezcybersecurite.gc.ca\/fr\">Pensezcybers\u00e9curit\u00e9.ca<\/a><\/li>\n<\/ul>\n","protected":false},"featured_media":715,"template":"","meta":[],"class_list":{"0":"post-542","1":"product","2":"type-product","3":"status-publish","4":"has-post-thumbnail","6":"thematiques-outils-de-gestion","7":"dates-49","8":"formats-outil","9":"acces-accessible-a-tous","10":"tarifs-gratuit-pour-tous","11":"cibles-festivals-et-evenements","12":"cibles-attractions-touristiques","13":"cibles-corporations-touristiques","14":"contact-membershipeaq-quebec","16":"first","17":"instock","18":"downloadable","19":"virtual","20":"sold-individually","21":"taxable","22":"purchasable","23":"product-type-simple"},"_links":{"self":[{"href":"https:\/\/www.evenementsattractions.quebec\/boutique\/wp-json\/wp\/v2\/product\/542","targetHints":{"allow":["GET"]}}],"collection":[{"href":"https:\/\/www.evenementsattractions.quebec\/boutique\/wp-json\/wp\/v2\/product"}],"about":[{"href":"https:\/\/www.evenementsattractions.quebec\/boutique\/wp-json\/wp\/v2\/types\/product"}],"wp:featuredmedia":[{"embeddable":true,"href":"https:\/\/www.evenementsattractions.quebec\/boutique\/wp-json\/wp\/v2\/media\/715"}],"wp:attachment":[{"href":"https:\/\/www.evenementsattractions.quebec\/boutique\/wp-json\/wp\/v2\/media?parent=542"}],"curies":[{"name":"wp","href":"https:\/\/api.w.org\/{rel}","templated":true}]}}