{"id":520,"date":"2025-06-11T10:48:16","date_gmt":"2025-06-11T14:48:16","guid":{"rendered":"https:\/\/www.evenementsattractions.quebec\/boutique\/?post_type=product&#038;p=520"},"modified":"2025-10-15T10:44:35","modified_gmt":"2025-10-15T14:44:35","slug":"engagez-vos-parties-prenantes-grace-a-la-gouvernance-participative","status":"publish","type":"product","link":"https:\/\/www.evenementsattractions.quebec\/boutique\/produit\/engagez-vos-parties-prenantes-grace-a-la-gouvernance-participative\/","title":{"rendered":"Engagez vos parties prenantes gr\u00e2ce \u00e0 la gouvernance participative"},"content":{"rendered":"<p>Le feuillet traite de la gouvernance participative et de son importance pour les membres d&rsquo;\u00c9v\u00e9nements Attractions Qu\u00e9bec (\u00c9AQ).<\/p>\n<p>Pr\u00e8s de la moiti\u00e9 des membres d\u2019\u00c9AQ (47 %) sont formellement engag\u00e9s dans une d\u00e9marche de d\u00e9veloppement durable ou de responsabilit\u00e9 soci\u00e9tale d&rsquo;entreprise, et 33 % traitent sp\u00e9cifiquement de la dimension de la gouvernance. De plus, 14 % des membres d&rsquo;\u00c9AQ ont un comit\u00e9 de d\u00e9veloppement durable constitu\u00e9 notamment d&#8217;employ\u00e9(e)s qui se rencontrent r\u00e9guli\u00e8rement pour discuter et mettre en \u0153uvre des pratiques participatives.<\/p>\n<p>En commandant ce feuillet, les festivals, \u00e9v\u00e9nements et attractions seront plus \u00e0 m\u00eame d\u2019optimiser la gouvernance participative au sein de leur organisation. Cela les aidera \u00e0 am\u00e9liorer la transparence, la participation et la prise de d\u00e9cision d\u00e9mocratique.<\/p>\n","protected":false},"excerpt":{"rendered":"<p>33 % des membres d\u2019\u00c9AQ formellement engag\u00e9s dans une d\u00e9marche de d\u00e9veloppement durable ou responsabilit\u00e9 sociale d\u2019entreprise traitent sp\u00e9cifiquement de la gouvernance, soulignant l\u2019importance croissante de la gouvernance participative dans les pratiques durables.<\/p>\n","protected":false},"featured_media":710,"template":"","meta":[],"class_list":{"0":"post-520","1":"product","2":"type-product","3":"status-publish","4":"has-post-thumbnail","6":"thematiques-developpement-durable","7":"dates-anterieures","8":"formats-feuillet","9":"acces-accessible-a-tous","10":"tarifs-gratuit-pour-les-membres","11":"tarifs-payant-pour-les-non-membres","12":"cibles-festivals-et-evenements","13":"cibles-attractions-touristiques","14":"cibles-corporations-touristiques","15":"mentions-ce-contenu-a-ete-realise-par-lequipe-recherche-et-intelligence-daffaires-deaq","16":"contact-rechercheeaq-quebec","18":"first","19":"instock","20":"downloadable","21":"virtual","22":"sold-individually","23":"taxable","24":"purchasable","25":"product-type-simple"},"_links":{"self":[{"href":"https:\/\/www.evenementsattractions.quebec\/boutique\/wp-json\/wp\/v2\/product\/520","targetHints":{"allow":["GET"]}}],"collection":[{"href":"https:\/\/www.evenementsattractions.quebec\/boutique\/wp-json\/wp\/v2\/product"}],"about":[{"href":"https:\/\/www.evenementsattractions.quebec\/boutique\/wp-json\/wp\/v2\/types\/product"}],"wp:featuredmedia":[{"embeddable":true,"href":"https:\/\/www.evenementsattractions.quebec\/boutique\/wp-json\/wp\/v2\/media\/710"}],"wp:attachment":[{"href":"https:\/\/www.evenementsattractions.quebec\/boutique\/wp-json\/wp\/v2\/media?parent=520"}],"curies":[{"name":"wp","href":"https:\/\/api.w.org\/{rel}","templated":true}]}}