{"id":518,"date":"2025-06-11T10:44:53","date_gmt":"2025-06-11T14:44:53","guid":{"rendered":"https:\/\/www.evenementsattractions.quebec\/boutique\/?post_type=product&#038;p=518"},"modified":"2025-10-15T10:49:52","modified_gmt":"2025-10-15T14:49:52","slug":"renforcez-votre-engagement-durable-formel","status":"publish","type":"product","link":"https:\/\/www.evenementsattractions.quebec\/boutique\/produit\/renforcez-votre-engagement-durable-formel\/","title":{"rendered":"Renforcez votre engagement durable formel"},"content":{"rendered":"<p>Le feuillet traite de l&rsquo;importance de l&rsquo;engagement formel en d\u00e9veloppement durable et de responsabilit\u00e9 soci\u00e9tale.<\/p>\n<p>Parmi les membres d\u2019\u00c9AQ, 47 % sont formellement engag\u00e9s dans une d\u00e9marche de d\u00e9veloppement durable ou de responsabilit\u00e9 sociale ou soci\u00e9tale d&rsquo;entreprise, tandis que 32 % sont en r\u00e9flexion. Cela dit, 74 % des r\u00e9pondant(e)s mesurent au moins un aspect de leur performance sociale ou soci\u00e9tale durable, soulignant l&rsquo;importance de la reddition de comptes et du suivi de la performance.<\/p>\n<p>En commandant ce feuillet, nos membres pourraient consolider leur engagement formel et structurer leur d\u00e9marche de responsabilit\u00e9 sociale d\u2019entreprise, s&rsquo;inspirer des meilleures pratiques et renforcer leur cr\u00e9dibilit\u00e9 aupr\u00e8s des parties prenantes internes et externes.<\/p>\n","protected":false},"excerpt":{"rendered":"<p>47 % des membres d&rsquo;\u00c9v\u00e9nements Attractions Qu\u00e9bec sont formellement engag\u00e9s dans une d\u00e9marche de d\u00e9veloppement durable ou de responsabilit\u00e9 sociale ou d&rsquo;entreprise, tandis que 32 % sont en r\u00e9flexion.<\/p>\n","protected":false},"featured_media":714,"template":"","meta":[],"class_list":{"0":"post-518","1":"product","2":"type-product","3":"status-publish","4":"has-post-thumbnail","6":"thematiques-developpement-durable","7":"dates-anterieures","8":"formats-feuillet","9":"acces-accessible-a-tous","10":"tarifs-gratuit-pour-les-membres","11":"tarifs-payant-pour-les-non-membres","12":"cibles-festivals-et-evenements","13":"cibles-attractions-touristiques","14":"cibles-corporations-touristiques","15":"mentions-ce-contenu-a-ete-realise-par-lequipe-recherche-et-intelligence-daffaires-deaq","16":"contact-rechercheeaq-quebec","18":"first","19":"instock","20":"downloadable","21":"virtual","22":"sold-individually","23":"taxable","24":"purchasable","25":"product-type-simple"},"_links":{"self":[{"href":"https:\/\/www.evenementsattractions.quebec\/boutique\/wp-json\/wp\/v2\/product\/518","targetHints":{"allow":["GET"]}}],"collection":[{"href":"https:\/\/www.evenementsattractions.quebec\/boutique\/wp-json\/wp\/v2\/product"}],"about":[{"href":"https:\/\/www.evenementsattractions.quebec\/boutique\/wp-json\/wp\/v2\/types\/product"}],"wp:featuredmedia":[{"embeddable":true,"href":"https:\/\/www.evenementsattractions.quebec\/boutique\/wp-json\/wp\/v2\/media\/714"}],"wp:attachment":[{"href":"https:\/\/www.evenementsattractions.quebec\/boutique\/wp-json\/wp\/v2\/media?parent=518"}],"curies":[{"name":"wp","href":"https:\/\/api.w.org\/{rel}","templated":true}]}}