{"id":516,"date":"2025-06-11T10:40:51","date_gmt":"2025-06-11T14:40:51","guid":{"rendered":"https:\/\/www.evenementsattractions.quebec\/boutique\/?post_type=product&#038;p=516"},"modified":"2025-10-15T10:55:48","modified_gmt":"2025-10-15T14:55:48","slug":"economie-circulaire-transformez-vos-dechets-en-opportunites","status":"publish","type":"product","link":"https:\/\/www.evenementsattractions.quebec\/boutique\/produit\/economie-circulaire-transformez-vos-dechets-en-opportunites\/","title":{"rendered":"\u00c9conomie circulaire : transformez vos d\u00e9chets en opportunit\u00e9s"},"content":{"rendered":"<p>Le feuillet aborde l&rsquo;importance de l&rsquo;\u00e9conomie circulaire et la r\u00e9duction des d\u00e9chets dans le secteur touristique. En 2021, l&rsquo;humanit\u00e9 avait d\u00e9j\u00e0 \u00e9puis\u00e9 les ressources annuelles de la Terre cinq mois avant la fin de l&rsquo;ann\u00e9e, soulignant la n\u00e9cessit\u00e9 de passer d&rsquo;un mod\u00e8le \u00e9conomique lin\u00e9aire \u00e0 un mod\u00e8le circulaire. L&rsquo;\u00e9conomie qu\u00e9b\u00e9coise a un indice de circularit\u00e9 de seulement 3,5 %, bien en dessous de la moyenne mondiale de 8,6 %, indiquant que tr\u00e8s peu de ressources sont r\u00e9utilis\u00e9es. Les d\u00e9chets sont particuli\u00e8rement probl\u00e9matiques, repr\u00e9sentant pr\u00e8s de 8 % des \u00e9missions totales de gaz \u00e0 effet de serre du Qu\u00e9bec. Pour r\u00e9pondre \u00e0 ces enjeux, 84 % des membres d\u2019\u00c9AQ ont pris des mesures pour r\u00e9duire les d\u00e9chets en amont, et 89 % ont mis en place des actions de valorisation des mati\u00e8res r\u00e9siduelles.<\/p>\n<p>En commandant ce feuillet, les membres auront une meilleure compr\u00e9hension des pratiques durables qu\u2019ils peuvent implanter pour am\u00e9liorer la gestion de leurs d\u00e9chets et r\u00e9duire leurs co\u00fbts d&rsquo;approvisionnement. La valorisation des mati\u00e8res r\u00e9siduelles pourrait d\u2019ailleurs leur permettre de g\u00e9n\u00e9rer de nouvelles sources de revenus.<\/p>\n","protected":false},"excerpt":{"rendered":"<p>L&rsquo;\u00e9conomie qu\u00e9b\u00e9coise a un indice de circularit\u00e9 de seulement 3,5 %, bien en dessous de la moyenne mondiale de 8,6 %, indiquant que tr\u00e8s peu de ressources sont r\u00e9utilis\u00e9es et qu\u2019il est n\u00e9cessaire de passer \u00e0 un mod\u00e8le \u00e9conomique circulaire.<\/p>\n","protected":false},"featured_media":690,"template":"","meta":[],"class_list":{"0":"post-516","1":"product","2":"type-product","3":"status-publish","4":"has-post-thumbnail","6":"thematiques-developpement-durable","7":"dates-anterieures","8":"formats-feuillet","9":"acces-accessible-a-tous","10":"tarifs-gratuit-pour-les-membres","11":"tarifs-payant-pour-les-non-membres","12":"cibles-festivals-et-evenements","13":"cibles-attractions-touristiques","14":"cibles-corporations-touristiques","15":"mentions-ce-contenu-a-ete-realise-par-lequipe-recherche-et-intelligence-daffaires-deaq","16":"contact-rechercheeaq-quebec","18":"first","19":"instock","20":"downloadable","21":"virtual","22":"sold-individually","23":"taxable","24":"purchasable","25":"product-type-simple"},"_links":{"self":[{"href":"https:\/\/www.evenementsattractions.quebec\/boutique\/wp-json\/wp\/v2\/product\/516","targetHints":{"allow":["GET"]}}],"collection":[{"href":"https:\/\/www.evenementsattractions.quebec\/boutique\/wp-json\/wp\/v2\/product"}],"about":[{"href":"https:\/\/www.evenementsattractions.quebec\/boutique\/wp-json\/wp\/v2\/types\/product"}],"wp:featuredmedia":[{"embeddable":true,"href":"https:\/\/www.evenementsattractions.quebec\/boutique\/wp-json\/wp\/v2\/media\/690"}],"wp:attachment":[{"href":"https:\/\/www.evenementsattractions.quebec\/boutique\/wp-json\/wp\/v2\/media?parent=516"}],"curies":[{"name":"wp","href":"https:\/\/api.w.org\/{rel}","templated":true}]}}