{"id":505,"date":"2025-06-10T11:53:49","date_gmt":"2025-06-10T15:53:49","guid":{"rendered":"https:\/\/www.evenementsattractions.quebec\/boutique\/?post_type=product&#038;p=505"},"modified":"2025-10-15T11:04:18","modified_gmt":"2025-10-15T15:04:18","slug":"valorisez-vos-actions-durables-avec-des-certifications","status":"publish","type":"product","link":"https:\/\/www.evenementsattractions.quebec\/boutique\/produit\/valorisez-vos-actions-durables-avec-des-certifications\/","title":{"rendered":"Valorisez vos actions durables avec des certifications"},"content":{"rendered":"<p>Le feuillet explore l&rsquo;importance des certifications li\u00e9es au d\u00e9veloppement durable. Les concepts de certification et d&rsquo;accr\u00e9ditation, ainsi que leur r\u00f4le dans l&rsquo;\u00e9valuation des performances des organisations, sont discut\u00e9es.<\/p>\n<p>L\u2019enqu\u00eate r\u00e9v\u00e8le que 36 % des membres d&rsquo;\u00c9AQ d\u00e9tiennent au moins une certification en d\u00e9veloppement durable, offrant ainsi un cadre et des outils pour faciliter l&rsquo;organisation et le suivi des actions durables. Les certifications permettent \u00e9galement de r\u00e9pondre aux attentes des consommateur(-rice)s, puisque 90 % des ceux(celles)-ci recherchent des options durables.<\/p>\n<p>En commandant ce feuillet, les festivals, \u00e9v\u00e9nements et attractions touristiques peuvent mieux appr\u00e9hender l\u2019importance des certifications et les avantages qu\u2019elles offrent. Les certifications bonifient la cr\u00e9dibilit\u00e9 et l\u2019image de marque, tout en d\u00e9marquant les organisations de la concurrence et en r\u00e9pondant aux exigences des bailleurs de fonds et des partenaires.<\/p>\n","protected":false},"excerpt":{"rendered":"<p>36 % des membres d\u2019\u00c9AQ d\u00e9tiennent au moins une certification en d\u00e9veloppement durable, une pratique en croissance dans le secteur.<\/p>\n","protected":false},"featured_media":669,"template":"","meta":[],"class_list":{"0":"post-505","1":"product","2":"type-product","3":"status-publish","4":"has-post-thumbnail","6":"thematiques-developpement-durable","7":"dates-anterieures","8":"formats-feuillet","9":"acces-accessible-a-tous","10":"tarifs-gratuit-pour-les-membres","11":"tarifs-payant-pour-les-non-membres","12":"cibles-festivals-et-evenements","13":"cibles-attractions-touristiques","14":"cibles-corporations-touristiques","15":"mentions-ce-contenu-a-ete-realise-par-lequipe-recherche-et-intelligence-daffaires-deaq","16":"contact-rechercheeaq-quebec","18":"first","19":"instock","20":"downloadable","21":"virtual","22":"sold-individually","23":"taxable","24":"purchasable","25":"product-type-simple"},"_links":{"self":[{"href":"https:\/\/www.evenementsattractions.quebec\/boutique\/wp-json\/wp\/v2\/product\/505","targetHints":{"allow":["GET"]}}],"collection":[{"href":"https:\/\/www.evenementsattractions.quebec\/boutique\/wp-json\/wp\/v2\/product"}],"about":[{"href":"https:\/\/www.evenementsattractions.quebec\/boutique\/wp-json\/wp\/v2\/types\/product"}],"wp:featuredmedia":[{"embeddable":true,"href":"https:\/\/www.evenementsattractions.quebec\/boutique\/wp-json\/wp\/v2\/media\/669"}],"wp:attachment":[{"href":"https:\/\/www.evenementsattractions.quebec\/boutique\/wp-json\/wp\/v2\/media?parent=505"}],"curies":[{"name":"wp","href":"https:\/\/api.w.org\/{rel}","templated":true}]}}