{"id":501,"date":"2025-06-10T11:42:46","date_gmt":"2025-06-10T15:42:46","guid":{"rendered":"https:\/\/www.evenementsattractions.quebec\/boutique\/?post_type=product&#038;p=501"},"modified":"2025-10-15T11:15:16","modified_gmt":"2025-10-15T15:15:16","slug":"reduisez-vos-couts-avec-des-achats-ecoresponsables","status":"publish","type":"product","link":"https:\/\/www.evenementsattractions.quebec\/boutique\/produit\/reduisez-vos-couts-avec-des-achats-ecoresponsables\/","title":{"rendered":"R\u00e9duisez vos co\u00fbts avec des achats \u00e9coresponsables"},"content":{"rendered":"<p>Le feuillet met en lumi\u00e8re l&rsquo;importance d&rsquo;adopter des pratiques d&rsquo;approvisionnement qui maximisent les b\u00e9n\u00e9fices \u00e9conomiques et sociaux tout en minimisant les impacts environnementaux. Bien que trois quarts (76 %) des membres d&rsquo;\u00c9AQ ont adopt\u00e9 des pratiques durables dans leurs comportements d&rsquo;achat, seulement 8 % disposent d&rsquo;une politique \u00e9crite. De plus, 84 % des membres ont mis en place des mesures de r\u00e9duction des d\u00e9chets \u00e0 la source et 45 % ach\u00e8tent des produits dont les emballages sont consign\u00e9s ou r\u00e9utilisables. Commander ce feuillet permet aux festivals, \u00e9v\u00e9nements et attractions touristiques de d\u00e9couvrir certaines pratiques d&rsquo;achat responsable qui se font dans le secteur, d&rsquo;optimiser leurs politiques d&rsquo;approvisionnement et de contribuer \u00e0 un d\u00e9veloppement durable tout en r\u00e9duisant leurs co\u00fbts.<\/p>\n","protected":false},"excerpt":{"rendered":"<p>76 % des membres d&rsquo;\u00c9v\u00e9nements Attractions Qu\u00e9bec ont adopt\u00e9 des pratiques durables dans leurs comportements d&rsquo;achat, mais seulement 8 % disposent d&rsquo;une politique \u00e9crite sur le sujet, d\u00e9montrant la n\u00e9cessit\u00e9 de formaliser les pratiques d&rsquo;achat responsable pour maximiser leur impact.<\/p>\n","protected":false},"featured_media":674,"template":"","meta":[],"class_list":{"0":"post-501","1":"product","2":"type-product","3":"status-publish","4":"has-post-thumbnail","6":"thematiques-developpement-durable","7":"dates-anterieures","8":"formats-feuillet","9":"acces-accessible-a-tous","10":"tarifs-gratuit-pour-les-membres","11":"tarifs-payant-pour-les-non-membres","12":"cibles-festivals-et-evenements","13":"cibles-attractions-touristiques","14":"cibles-corporations-touristiques","15":"mentions-ce-contenu-a-ete-realise-par-lequipe-recherche-et-intelligence-daffaires-deaq","16":"contact-rechercheeaq-quebec","18":"first","19":"instock","20":"downloadable","21":"virtual","22":"sold-individually","23":"taxable","24":"purchasable","25":"product-type-simple"},"_links":{"self":[{"href":"https:\/\/www.evenementsattractions.quebec\/boutique\/wp-json\/wp\/v2\/product\/501","targetHints":{"allow":["GET"]}}],"collection":[{"href":"https:\/\/www.evenementsattractions.quebec\/boutique\/wp-json\/wp\/v2\/product"}],"about":[{"href":"https:\/\/www.evenementsattractions.quebec\/boutique\/wp-json\/wp\/v2\/types\/product"}],"wp:featuredmedia":[{"embeddable":true,"href":"https:\/\/www.evenementsattractions.quebec\/boutique\/wp-json\/wp\/v2\/media\/674"}],"wp:attachment":[{"href":"https:\/\/www.evenementsattractions.quebec\/boutique\/wp-json\/wp\/v2\/media?parent=501"}],"curies":[{"name":"wp","href":"https:\/\/api.w.org\/{rel}","templated":true}]}}