{"id":499,"date":"2025-06-10T11:39:37","date_gmt":"2025-06-10T15:39:37","guid":{"rendered":"https:\/\/www.evenementsattractions.quebec\/boutique\/?post_type=product&#038;p=499"},"modified":"2025-10-15T11:18:07","modified_gmt":"2025-10-15T15:18:07","slug":"surmontez-les-freins-au-benevolat","status":"publish","type":"product","link":"https:\/\/www.evenementsattractions.quebec\/boutique\/produit\/surmontez-les-freins-au-benevolat\/","title":{"rendered":"Surmontez les freins au b\u00e9n\u00e9volat"},"content":{"rendered":"<p>Le feuillet explore les motivations et les freins \u00e0 l\u2019implication b\u00e9n\u00e9vole. Les b\u00e9n\u00e9voles sont attir\u00e9s par la satisfaction d&rsquo;\u00eatre utile, le plaisir, la socialisation et l\u2019acc\u00e8s gratuit \u00e0 des spectacles et activit\u00e9s. \u00c0 l\u2019inverse, les obstacles incluent le manque de temps et l&rsquo;absence d&rsquo;invitation. L&rsquo;\u00e9tude r\u00e9v\u00e8le \u00e9galement que 23 % des r\u00e9pondant(e)s sont int\u00e9ress\u00e9(e)s par le b\u00e9n\u00e9volat virtuel, notamment pour des t\u00e2ches de communication et de r\u00e9daction.<\/p>\n<p>Commander ce feuillet permet de mieux comprendre les attentes et la r\u00e9alit\u00e9 des b\u00e9n\u00e9voles, d\u2019adapter les strat\u00e9gies de recrutement en fonction et de s&rsquo;inspirer de bonnes pratiques pour renforcer l\u2019engagement des b\u00e9n\u00e9voles.<\/p>\n","protected":false},"excerpt":{"rendered":"<p>Les b\u00e9n\u00e9voles repr\u00e9sentent 91 % des ressources humaines dans les \u00e9v\u00e9nements au Qu\u00e9bec, d\u00e9montrant l&rsquo;importance cruciale du b\u00e9n\u00e9volat dans le secteur.<\/p>\n","protected":false},"featured_media":658,"template":"","meta":[],"class_list":{"0":"post-499","1":"product","2":"type-product","3":"status-publish","4":"has-post-thumbnail","6":"thematiques-benevolat","7":"dates-anterieures","8":"formats-feuillet","9":"acces-accessible-a-tous","10":"tarifs-gratuit-pour-les-membres","11":"tarifs-payant-pour-les-non-membres","12":"cibles-festivals-et-evenements","13":"mentions-ce-contenu-a-ete-realise-par-lequipe-recherche-et-intelligence-daffaires-deaq","14":"contact-rechercheeaq-quebec","16":"first","17":"instock","18":"downloadable","19":"virtual","20":"sold-individually","21":"taxable","22":"purchasable","23":"product-type-simple"},"_links":{"self":[{"href":"https:\/\/www.evenementsattractions.quebec\/boutique\/wp-json\/wp\/v2\/product\/499","targetHints":{"allow":["GET"]}}],"collection":[{"href":"https:\/\/www.evenementsattractions.quebec\/boutique\/wp-json\/wp\/v2\/product"}],"about":[{"href":"https:\/\/www.evenementsattractions.quebec\/boutique\/wp-json\/wp\/v2\/types\/product"}],"wp:featuredmedia":[{"embeddable":true,"href":"https:\/\/www.evenementsattractions.quebec\/boutique\/wp-json\/wp\/v2\/media\/658"}],"wp:attachment":[{"href":"https:\/\/www.evenementsattractions.quebec\/boutique\/wp-json\/wp\/v2\/media?parent=499"}],"curies":[{"name":"wp","href":"https:\/\/api.w.org\/{rel}","templated":true}]}}