{"id":497,"date":"2025-06-10T11:33:16","date_gmt":"2025-06-10T15:33:16","guid":{"rendered":"https:\/\/www.evenementsattractions.quebec\/boutique\/?post_type=product&#038;p=497"},"modified":"2026-01-08T09:21:54","modified_gmt":"2026-01-08T14:21:54","slug":"attirez-et-retenez-les-talents-grace-aux-avantages-sociaux","status":"publish","type":"product","link":"https:\/\/www.evenementsattractions.quebec\/boutique\/produit\/attirez-et-retenez-les-talents-grace-aux-avantages-sociaux\/","title":{"rendered":"Attirez et retenez les talents gr\u00e2ce aux avantages sociaux"},"content":{"rendered":"<p>Le feuillet met en lumi\u00e8re l\u2019importance des avantages sociaux dans le contexte de raret\u00e9 de main-d\u2019\u0153uvre, particuli\u00e8rement dans le domaine du loisir, de la culture et des communications, o\u00f9 le nombre d\u2019employ\u00e9(e)s a diminu\u00e9 de 15 % entre 2017 et 2021.<\/p>\n<p>L\u2019\u00e9tude r\u00e9v\u00e8le notamment que 43 % des employeur(e)s remboursent les frais de transport, 45 % proposent un r\u00e9gime d\u2019assurances collectives et 64 % offrent de la formation interne. De plus, des avantages intangibles comme l\u2019image de marque et la conciliation travail-famille jouent un r\u00f4le crucial dans l\u2019attraction et la fid\u00e9lisation des employ\u00e9(e)s.<\/p>\n<p>En t\u00e9l\u00e9chargeant ce feuillet, les festivals, \u00e9v\u00e9nements et attractions touristiques auront l\u2019opportunit\u00e9 de mieux comprendre les pratiques courantes et innovantes en mati\u00e8re d\u2019avantages sociaux, et ainsi d\u2019optimiser leur politique de ressources humaines et d\u2019am\u00e9liorer la satisfaction et la r\u00e9tention de leurs employ\u00e9(e)s.<\/p>\n","protected":false},"excerpt":{"rendered":"<p>Selon une \u00e9tude de la Banque de D\u00e9veloppement du Canada, 32 % des Canadien(ne)s souhaitant changer d\u2019emploi le feraient pour avoir acc\u00e8s \u00e0 de meilleurs avantages sociaux.<\/p>\n","protected":false},"featured_media":676,"template":"","meta":[],"class_list":{"0":"post-497","1":"product","2":"type-product","3":"status-publish","4":"has-post-thumbnail","6":"thematiques-ressources-humaines","7":"dates-anterieures","8":"formats-feuillet","9":"acces-accessible-a-tous","10":"tarifs-gratuit-pour-les-membres","11":"tarifs-payant-pour-les-non-membres","12":"cibles-festivals-et-evenements","13":"cibles-attractions-touristiques","14":"cibles-corporations-touristiques","15":"mentions-ce-contenu-a-ete-realise-par-lequipe-recherche-et-intelligence-daffaires-deaq","16":"contact-rechercheeaq-quebec","18":"first","19":"instock","20":"downloadable","21":"virtual","22":"sold-individually","23":"taxable","24":"purchasable","25":"product-type-simple"},"_links":{"self":[{"href":"https:\/\/www.evenementsattractions.quebec\/boutique\/wp-json\/wp\/v2\/product\/497","targetHints":{"allow":["GET"]}}],"collection":[{"href":"https:\/\/www.evenementsattractions.quebec\/boutique\/wp-json\/wp\/v2\/product"}],"about":[{"href":"https:\/\/www.evenementsattractions.quebec\/boutique\/wp-json\/wp\/v2\/types\/product"}],"wp:featuredmedia":[{"embeddable":true,"href":"https:\/\/www.evenementsattractions.quebec\/boutique\/wp-json\/wp\/v2\/media\/676"}],"wp:attachment":[{"href":"https:\/\/www.evenementsattractions.quebec\/boutique\/wp-json\/wp\/v2\/media?parent=497"}],"curies":[{"name":"wp","href":"https:\/\/api.w.org\/{rel}","templated":true}]}}