{"id":473,"date":"2025-05-23T14:37:32","date_gmt":"2025-05-23T18:37:32","guid":{"rendered":"https:\/\/www.evenementsattractions.quebec\/boutique\/?post_type=product&#038;p=473"},"modified":"2025-10-15T11:24:29","modified_gmt":"2025-10-15T15:24:29","slug":"guide-daccompagnement-vers-des-evenements-carboneutres-etape-4-les-limites","status":"publish","type":"product","link":"https:\/\/www.evenementsattractions.quebec\/boutique\/produit\/guide-daccompagnement-vers-des-evenements-carboneutres-etape-4-les-limites\/","title":{"rendered":"Guide d\u2019accompagnement vers des \u00e9v\u00e9nements carboneutres \u2013 \u00c9tape 4 : les limites"},"content":{"rendered":"<p>L\u2019infographie pr\u00e9sente la quatri\u00e8me et derni\u00e8re \u00e9tape qu\u2019un \u00e9v\u00e9nement peut entreprendre pour r\u00e9duire son empreinte carbone, \u00e0 savoir les limites de la d\u00e9marche carboneutre. Dans une d\u00e9marche de carboneutralit\u00e9 transparente, durable et honn\u00eate, les organisations sont encourag\u00e9es \u00e0 communiquer des informations importantes et compl\u00e8tes.<\/p>\n<p>Les organisateur(-rice)s d\u2019\u00e9v\u00e9nements b\u00e9n\u00e9ficieraient des conseils fournis pour partager des informations sans ambigu\u00eft\u00e9 et ainsi \u00e9viter l\u2019\u00e9coblanchiment.<\/p>\n","protected":false},"excerpt":{"rendered":"<p>Une d\u00e9marche de carboneutralit\u00e9 implique de communiquer avec transparence des informations compl\u00e8tes.<\/p>\n","protected":false},"featured_media":662,"template":"","meta":[],"class_list":{"0":"post-473","1":"product","2":"type-product","3":"status-publish","4":"has-post-thumbnail","6":"thematiques-developpement-durable","7":"dates-48","8":"formats-infographie","9":"acces-accessible-a-tous","10":"tarifs-gratuit-pour-tous","11":"cibles-festivals-et-evenements","12":"mentions-ce-contenu-a-ete-realise-par-lequipe-recherche-et-intelligence-daffaires-deaq","13":"contact-rechercheeaq-quebec","15":"first","16":"instock","17":"downloadable","18":"virtual","19":"sold-individually","20":"taxable","21":"purchasable","22":"product-type-simple"},"_links":{"self":[{"href":"https:\/\/www.evenementsattractions.quebec\/boutique\/wp-json\/wp\/v2\/product\/473","targetHints":{"allow":["GET"]}}],"collection":[{"href":"https:\/\/www.evenementsattractions.quebec\/boutique\/wp-json\/wp\/v2\/product"}],"about":[{"href":"https:\/\/www.evenementsattractions.quebec\/boutique\/wp-json\/wp\/v2\/types\/product"}],"wp:featuredmedia":[{"embeddable":true,"href":"https:\/\/www.evenementsattractions.quebec\/boutique\/wp-json\/wp\/v2\/media\/662"}],"wp:attachment":[{"href":"https:\/\/www.evenementsattractions.quebec\/boutique\/wp-json\/wp\/v2\/media?parent=473"}],"curies":[{"name":"wp","href":"https:\/\/api.w.org\/{rel}","templated":true}]}}