{"id":471,"date":"2025-05-23T14:29:24","date_gmt":"2025-05-23T18:29:24","guid":{"rendered":"https:\/\/www.evenementsattractions.quebec\/boutique\/?post_type=product&#038;p=471"},"modified":"2025-09-17T14:37:23","modified_gmt":"2025-09-17T18:37:23","slug":"guide-daccompagnement-vers-des-evenements-carboneutres-etape-3-la-compensation","status":"publish","type":"product","link":"https:\/\/www.evenementsattractions.quebec\/boutique\/produit\/guide-daccompagnement-vers-des-evenements-carboneutres-etape-3-la-compensation\/","title":{"rendered":"Guide d\u2019accompagnement vers des \u00e9v\u00e9nements carboneutres \u2013 \u00c9tape 3 : la compensation"},"content":{"rendered":"<p>L\u2019infographie pr\u00e9sente la troisi\u00e8me \u00e9tape qu\u2019un \u00e9v\u00e9nement peut entreprendre pour r\u00e9duire son empreinte carbone, \u00e0 savoir la compensation de ses \u00e9missions de GES. Plusieurs types de compensation carbone sont pr\u00e9sent\u00e9s, avec leur avantage et inconv\u00e9nient principaux.<\/p>\n<p>En commandant cette infographie, les organisateur(-rice)s d\u2019\u00e9v\u00e9nements pourront comparer les diff\u00e9rents moyens de compenser leurs \u00e9missions de GES et faire un choix \u00e9clair\u00e9 pour diminuer leur empreinte carbone.<\/p>\n","protected":false},"excerpt":{"rendered":"<p>Les divers types de compensation carbone pr\u00e9sentent des avantages et inconv\u00e9nients diff\u00e9rents, permettant \u00e0 chaque organisation d\u2019opter pour l\u2019alternative qui leur correspond le mieux.<\/p>\n","protected":false},"featured_media":667,"template":"","meta":[],"class_list":{"0":"post-471","1":"product","2":"type-product","3":"status-publish","4":"has-post-thumbnail","6":"thematiques-developpement-durable","7":"dates-48","8":"formats-infographie","9":"acces-accessible-a-tous","10":"tarifs-gratuit-pour-tous","11":"cibles-festivals-et-evenements","12":"mentions-ce-contenu-a-ete-realise-par-lequipe-recherche-et-intelligence-daffaires-deaq","13":"contact-rechercheeaq-quebec","15":"first","16":"instock","17":"downloadable","18":"virtual","19":"sold-individually","20":"taxable","21":"purchasable","22":"product-type-simple"},"_links":{"self":[{"href":"https:\/\/www.evenementsattractions.quebec\/boutique\/wp-json\/wp\/v2\/product\/471","targetHints":{"allow":["GET"]}}],"collection":[{"href":"https:\/\/www.evenementsattractions.quebec\/boutique\/wp-json\/wp\/v2\/product"}],"about":[{"href":"https:\/\/www.evenementsattractions.quebec\/boutique\/wp-json\/wp\/v2\/types\/product"}],"wp:featuredmedia":[{"embeddable":true,"href":"https:\/\/www.evenementsattractions.quebec\/boutique\/wp-json\/wp\/v2\/media\/667"}],"wp:attachment":[{"href":"https:\/\/www.evenementsattractions.quebec\/boutique\/wp-json\/wp\/v2\/media?parent=471"}],"curies":[{"name":"wp","href":"https:\/\/api.w.org\/{rel}","templated":true}]}}