{"id":465,"date":"2025-05-23T14:18:59","date_gmt":"2025-05-23T18:18:59","guid":{"rendered":"https:\/\/www.evenementsattractions.quebec\/boutique\/?post_type=product&#038;p=465"},"modified":"2025-09-16T16:17:16","modified_gmt":"2025-09-16T20:17:16","slug":"guide-daccompagnement-vers-des-evenements-carboneutres-etape-1-la-reduction","status":"publish","type":"product","link":"https:\/\/www.evenementsattractions.quebec\/boutique\/produit\/guide-daccompagnement-vers-des-evenements-carboneutres-etape-1-la-reduction\/","title":{"rendered":"Guide d\u2019accompagnement vers des \u00e9v\u00e9nements carboneutres \u2013 \u00c9tape 1 : la r\u00e9duction"},"content":{"rendered":"<p>L\u2019infographie pr\u00e9sente la premi\u00e8re \u00e9tape qu\u2019un \u00e9v\u00e9nement peut entreprendre pour r\u00e9duire son empreinte carbone, \u00e0 savoir r\u00e9duire ses \u00e9missions de GES.<\/p>\n<p>Sachant que la grande majorit\u00e9 des \u00e9missions de GES proviennent du transport, notamment du public, il est capital de valoriser l\u2019utilisation des transports actifs et collectifs. Le document fournit plusieurs solutions en ce sens, comme des initiatives de sensibilisation et de communication cibl\u00e9e.<\/p>\n<p>Les organisateur(-rice)s d\u2019\u00e9v\u00e9nements devraient commander cette infographie pour acc\u00e9der \u00e0 des statistiques sur le r\u00f4le des transports dans les \u00e9missions de GES et s\u2019inspirer des conseils pour les diminuer. Des projets de mobilit\u00e9 durable participent \u00e0 une meilleure image de marque et peuvent pr\u00e9senter de nouvelles opportunit\u00e9s de financement et de partenariat.<\/p>\n","protected":false},"excerpt":{"rendered":"<p>80 % des \u00e9missions de GES sont g\u00e9n\u00e9r\u00e9es par le transport, dont 84 % proviennent du transport du public.<\/p>\n","protected":false},"featured_media":642,"template":"","meta":[],"class_list":{"0":"post-465","1":"product","2":"type-product","3":"status-publish","4":"has-post-thumbnail","6":"thematiques-developpement-de-produits","7":"dates-48","8":"formats-infographie","9":"acces-accessible-a-tous","10":"tarifs-gratuit-pour-tous","11":"cibles-festivals-et-evenements","12":"mentions-ce-contenu-a-ete-realise-par-lequipe-recherche-et-intelligence-daffaires-deaq","13":"contact-rechercheeaq-quebec","15":"first","16":"instock","17":"downloadable","18":"virtual","19":"sold-individually","20":"taxable","21":"purchasable","22":"product-type-simple"},"_links":{"self":[{"href":"https:\/\/www.evenementsattractions.quebec\/boutique\/wp-json\/wp\/v2\/product\/465","targetHints":{"allow":["GET"]}}],"collection":[{"href":"https:\/\/www.evenementsattractions.quebec\/boutique\/wp-json\/wp\/v2\/product"}],"about":[{"href":"https:\/\/www.evenementsattractions.quebec\/boutique\/wp-json\/wp\/v2\/types\/product"}],"wp:featuredmedia":[{"embeddable":true,"href":"https:\/\/www.evenementsattractions.quebec\/boutique\/wp-json\/wp\/v2\/media\/642"}],"wp:attachment":[{"href":"https:\/\/www.evenementsattractions.quebec\/boutique\/wp-json\/wp\/v2\/media?parent=465"}],"curies":[{"name":"wp","href":"https:\/\/api.w.org\/{rel}","templated":true}]}}