{"id":442,"date":"2025-05-16T11:42:27","date_gmt":"2025-05-16T15:42:27","guid":{"rendered":"https:\/\/www.evenementsattractions.quebec\/boutique\/?post_type=product&#038;p=442"},"modified":"2025-09-16T16:23:12","modified_gmt":"2025-09-16T20:23:12","slug":"donnees-globales-des-intentions-de-visites-hivernales-des-ontariennes-au-quebec-2025","status":"publish","type":"product","link":"https:\/\/www.evenementsattractions.quebec\/boutique\/produit\/donnees-globales-des-intentions-de-visites-hivernales-des-ontariennes-au-quebec-2025\/","title":{"rendered":"Donn\u00e9es globales des intentions de visite estivales des Ontarien(ne)s au Qu\u00e9bec 2025"},"content":{"rendered":"<p><strong>Les Ontariens plus nombreux \u00e0 choisir le Qu\u00e9bec comme destination en 2025<\/strong><\/p>\n<p>\u00c0 noter que 45 % des Ontarien(ne)s sond\u00e9(e)s ont manifest\u00e9 une intention de visiter le Qu\u00e9bec cet \u00e9t\u00e9, comparativement \u00e0 25 % qui sont effectivement venus en 2024, ce qui confirme leur volont\u00e9 de privil\u00e9gier les voyages au Canada plut\u00f4t qu&rsquo;aux \u00c9tats-Unis. 65 % des Ontarien(ne)s qui comptent visiter le Qu\u00e9bec \u00e0 l\u2019\u00e9t\u00e9 2025 ont l\u2019intention de pratiquer au moins une activit\u00e9 r\u00e9cr\u00e9otouristique, avec une moyenne de 3,3 activit\u00e9s pr\u00e9vues.<\/p>\n<p>T\u00e9l\u00e9chargez cette infographie g\u00e9n\u00e9rale sur les intentions de visite des Ontarien(ne)s \u00e0 l&rsquo;\u00e9t\u00e9 2025.<\/p>\n","protected":false},"excerpt":{"rendered":"<p>Pour en savoir plus sur les intentions de visite estivales 2025,\u00a0<a href=\"https:\/\/www.evenementsattractions.quebec\/nouvelles\">consultez notre communiqu\u00e9 de presse<\/a>.<\/p>\n","protected":false},"featured_media":643,"template":"","meta":[],"class_list":{"0":"post-442","1":"product","2":"type-product","3":"status-publish","4":"has-post-thumbnail","6":"thematiques-marketing","7":"dates-50","8":"formats-infographie","9":"acces-accessible-a-tous","10":"tarifs-gratuit-pour-tous","11":"cibles-festivals-et-evenements","12":"cibles-attractions-touristiques","13":"cibles-corporations-touristiques","14":"mentions-ce-contenu-a-ete-realise-par-lequipe-recherche-et-intelligence-daffaires-deaq","15":"contact-rechercheeaq-quebec","17":"first","18":"instock","19":"downloadable","20":"virtual","21":"sold-individually","22":"taxable","23":"purchasable","24":"product-type-simple"},"_links":{"self":[{"href":"https:\/\/www.evenementsattractions.quebec\/boutique\/wp-json\/wp\/v2\/product\/442","targetHints":{"allow":["GET"]}}],"collection":[{"href":"https:\/\/www.evenementsattractions.quebec\/boutique\/wp-json\/wp\/v2\/product"}],"about":[{"href":"https:\/\/www.evenementsattractions.quebec\/boutique\/wp-json\/wp\/v2\/types\/product"}],"wp:featuredmedia":[{"embeddable":true,"href":"https:\/\/www.evenementsattractions.quebec\/boutique\/wp-json\/wp\/v2\/media\/643"}],"wp:attachment":[{"href":"https:\/\/www.evenementsattractions.quebec\/boutique\/wp-json\/wp\/v2\/media?parent=442"}],"curies":[{"name":"wp","href":"https:\/\/api.w.org\/{rel}","templated":true}]}}