{"id":440,"date":"2025-05-16T11:34:48","date_gmt":"2025-05-16T15:34:48","guid":{"rendered":"https:\/\/www.evenementsattractions.quebec\/boutique\/?post_type=product&#038;p=440"},"modified":"2025-09-16T16:25:18","modified_gmt":"2025-09-16T20:25:18","slug":"donnees-globales-des-intentions-de-visites-estivales","status":"publish","type":"product","link":"https:\/\/www.evenementsattractions.quebec\/boutique\/produit\/donnees-globales-des-intentions-de-visites-estivales\/","title":{"rendered":"Donn\u00e9es globales des intentions de visite estivales des Qu\u00e9b\u00e9cois(es) en 2025"},"content":{"rendered":"<p>\u00c9v\u00e9nements Attractions Qu\u00e9bec (\u00c9AQ) est heureuse de pr\u00e9senter les r\u00e9sultats de son <strong>enqu\u00eate annuelle sur les intentions de sorties<\/strong> des Qu\u00e9b\u00e9cois(es) pour l&rsquo;\u00e9t\u00e9 2025, une publication qui permet de prendre le pouls des Qu\u00e9b\u00e9cois(es) et des Ontarien(ne)s concernant les activit\u00e9s r\u00e9cr\u00e9otouristiques au Qu\u00e9bec qui les interpellent pour la prochaine saison estivale. <strong>Les r\u00e9sultats montrent que presque toute la population qu\u00e9b\u00e9coise, soit 93 %, pr\u00e9voit participer \u00e0 au moins un festival, \u00e9v\u00e9nement ou une activit\u00e9 r\u00e9cr\u00e9otouristique cet \u00e9t\u00e9, avec une moyenne de 3 activit\u00e9s pr\u00e9vues pour la saison<\/strong>.<\/p>\n<p>T\u00e9l\u00e9chargez cette infographie g\u00e9n\u00e9rale sur les intentions de visite des Qu\u00e9b\u00e9cois(es) \u00e0 l&rsquo;\u00e9t\u00e9 2025.<\/p>\n","protected":false},"excerpt":{"rendered":"<p>Pour en savoir plus sur les intentions de visite estivales 2025, <a href=\"https:\/\/www.evenementsattractions.quebec\/nouvelles\">consultez notre communiqu\u00e9 de presse<\/a>.<\/p>\n","protected":false},"featured_media":645,"template":"","meta":[],"class_list":{"0":"post-440","1":"product","2":"type-product","3":"status-publish","4":"has-post-thumbnail","6":"thematiques-marketing","7":"dates-50","8":"formats-infographie","9":"acces-accessible-a-tous","10":"tarifs-gratuit-pour-tous","11":"cibles-festivals-et-evenements","12":"cibles-attractions-touristiques","13":"cibles-corporations-touristiques","14":"mentions-ce-contenu-a-ete-realise-par-lequipe-recherche-et-intelligence-daffaires-deaq","15":"contact-rechercheeaq-quebec","17":"first","18":"instock","19":"downloadable","20":"virtual","21":"sold-individually","22":"taxable","23":"purchasable","24":"product-type-simple"},"_links":{"self":[{"href":"https:\/\/www.evenementsattractions.quebec\/boutique\/wp-json\/wp\/v2\/product\/440","targetHints":{"allow":["GET"]}}],"collection":[{"href":"https:\/\/www.evenementsattractions.quebec\/boutique\/wp-json\/wp\/v2\/product"}],"about":[{"href":"https:\/\/www.evenementsattractions.quebec\/boutique\/wp-json\/wp\/v2\/types\/product"}],"wp:featuredmedia":[{"embeddable":true,"href":"https:\/\/www.evenementsattractions.quebec\/boutique\/wp-json\/wp\/v2\/media\/645"}],"wp:attachment":[{"href":"https:\/\/www.evenementsattractions.quebec\/boutique\/wp-json\/wp\/v2\/media?parent=440"}],"curies":[{"name":"wp","href":"https:\/\/api.w.org\/{rel}","templated":true}]}}