{"id":421,"date":"2025-05-15T16:48:18","date_gmt":"2025-05-15T20:48:18","guid":{"rendered":"https:\/\/www.evenementsattractions.quebec\/boutique\/?post_type=product&#038;p=421"},"modified":"2025-09-17T15:32:23","modified_gmt":"2025-09-17T19:32:23","slug":"tableaux-de-bord-en-developpement-durable","status":"publish","type":"product","link":"https:\/\/www.evenementsattractions.quebec\/boutique\/produit\/tableaux-de-bord-en-developpement-durable\/","title":{"rendered":"Tableaux de bord en d\u00e9veloppement durable"},"content":{"rendered":"<p>D\u00e9couvrez nos tableaux de bord en d\u00e9veloppement durable, con\u00e7us pour vous aider \u00e0 suivre et am\u00e9liorer vos pratiques. Cet outil polyvalent, d\u00e9velopp\u00e9 par Contact Nature en collaboration avec \u00c9v\u00e9nements Attractions Qu\u00e9bec, est facile \u00e0 utiliser et vous permet de suivre des indicateurs de performance annuels.<\/p>\n<p>L&rsquo;outil est compos\u00e9 de trois tableaux de bord Excel sous le m\u00eame format, un pour chaque pilier du d\u00e9veloppement durable : environnement, social et \u00e9conomique. Gr\u00e2ce \u00e0 ces tableaux, vous pouvez vous fixer des objectifs \u00e0 court, moyen et long terme, et ainsi instaurer une dynamique d\u2019am\u00e9lioration continue ax\u00e9e sur les r\u00e9sultats.<\/p>\n<p>Gr\u00e2ce \u00e0 ces tableaux de bord con\u00e7us pour accompagner les organisations touristiques dans leur d\u00e9marche et pour faciliter la gestion des performances, vous serez plus \u00e0 m\u00eame d\u2019\u00e9valuer et d\u2019adopter les meilleures pratiques en d\u00e9veloppement durable.<\/p>\n<p><a href=\"https:\/\/youtu.be\/q8S8z9n_z6o\" target=\"_blank\" rel=\"noopener\">D\u00e9couvrez la capsule explicative sur les tableaux de bord en d\u00e9veloppement durable sur notre cha\u00eene YouTube.<\/a><\/p>\n","protected":false},"excerpt":{"rendered":"<p>En commandant ces documents, vous aurez acc\u00e8s \u00e0 :<\/p>\n<ul>\n<li>Tableau de bord en DD &#8211; \u00c9conomie<\/li>\n<li>Tableau de bord en DD &#8211; Environnement<\/li>\n<li>Tableau de bord en DD &#8211; Social<\/li>\n<li>Guide d&rsquo;utilisation des tableaux de bord<\/li>\n<\/ul>\n","protected":false},"featured_media":692,"template":"","meta":[],"class_list":{"0":"post-421","1":"product","2":"type-product","3":"status-publish","4":"has-post-thumbnail","6":"tags-populaire","7":"thematiques-developpement-durable","8":"dates-50","9":"formats-outil","10":"acces-accessible-a-tous","11":"tarifs-gratuit-pour-tous","12":"cibles-festivals-et-evenements","13":"cibles-attractions-touristiques","14":"cibles-corporations-touristiques","15":"contact-viragedurableeaq-quebec","17":"first","18":"instock","19":"downloadable","20":"virtual","21":"sold-individually","22":"taxable","23":"purchasable","24":"product-type-simple"},"_links":{"self":[{"href":"https:\/\/www.evenementsattractions.quebec\/boutique\/wp-json\/wp\/v2\/product\/421","targetHints":{"allow":["GET"]}}],"collection":[{"href":"https:\/\/www.evenementsattractions.quebec\/boutique\/wp-json\/wp\/v2\/product"}],"about":[{"href":"https:\/\/www.evenementsattractions.quebec\/boutique\/wp-json\/wp\/v2\/types\/product"}],"wp:featuredmedia":[{"embeddable":true,"href":"https:\/\/www.evenementsattractions.quebec\/boutique\/wp-json\/wp\/v2\/media\/692"}],"wp:attachment":[{"href":"https:\/\/www.evenementsattractions.quebec\/boutique\/wp-json\/wp\/v2\/media?parent=421"}],"curies":[{"name":"wp","href":"https:\/\/api.w.org\/{rel}","templated":true}]}}