{"id":415,"date":"2025-04-24T13:37:54","date_gmt":"2025-04-24T17:37:54","guid":{"rendered":"https:\/\/www.evenementsattractions.quebec\/boutique\/?post_type=product&#038;p=415"},"modified":"2025-10-15T11:28:29","modified_gmt":"2025-10-15T15:28:29","slug":"la-gestion-des-gaz-a-effet-de-serre-et-leconomie-denergie","status":"publish","type":"product","link":"https:\/\/www.evenementsattractions.quebec\/boutique\/produit\/la-gestion-des-gaz-a-effet-de-serre-et-leconomie-denergie\/","title":{"rendered":"La gestion des gaz \u00e0 effet de serre et l\u2019\u00e9conomie d\u2019\u00e9nergie"},"content":{"rendered":"<p>Le feuillet traite de la gestion des gaz \u00e0 effet de serre (GES) et de l&rsquo;\u00e9conomie d&rsquo;\u00e9nergie.<\/p>\n<p>Les r\u00e9sultats d\u00e9montrent que 40 % des membres d\u2019\u00c9AQ mesurent au moins un aspect de leur performance environnementale annuellement, et 39 % mesurent en partie ou en totalit\u00e9 les \u00e9missions de GES de leur organisation. De plus, 38 % des membres d&rsquo;\u00c9AQ ont adopt\u00e9 des mesures pour r\u00e9duire ou contr\u00f4ler les \u00e9missions de GES, telles que la conservation et l&rsquo;\u00e9conomie d&rsquo;\u00e9nergie. Parmi les organisations qui r\u00e9duisent ou contr\u00f4lent leur GES, plus d\u2019un quart (28 %) ont recours \u00e0 la compensation carbone pour leurs propres \u00e9missions.<\/p>\n<p>Nos membres devraient commander ce feuillet pour structurer leur d\u00e9marche de gestion des GES, s&rsquo;inspirer des meilleures pratiques pour r\u00e9duire leurs co\u00fbts \u00e9nerg\u00e9tiques et r\u00e9pondre aux attentes croissantes en mati\u00e8re de durabilit\u00e9.<\/p>\n","protected":false},"excerpt":{"rendered":"<p>40 % des membres (\u00c9AQ) mesurent au moins un aspect de leur performance environnementale annuellement, et 39 % mesurent en partie ou en totalit\u00e9 les \u00e9missions de gaz \u00e0 effet de serre (GES) de leur organisation. Cela d\u00e9montre une prise de conscience significative et un engagement concret des membres d&rsquo;\u00c9AQ dans la gestion de leur impact environnemental.<\/p>\n","protected":false},"featured_media":686,"template":"","meta":[],"class_list":{"0":"post-415","1":"product","2":"type-product","3":"status-publish","4":"has-post-thumbnail","6":"thematiques-developpement-durable","7":"dates-anterieures","8":"formats-feuillet","9":"acces-accessible-a-tous","10":"tarifs-gratuit-pour-les-membres","11":"tarifs-payant-pour-les-non-membres","12":"cibles-festivals-et-evenements","13":"cibles-attractions-touristiques","14":"cibles-corporations-touristiques","15":"mentions-ce-contenu-a-ete-realise-par-lequipe-recherche-et-intelligence-daffaires-deaq","16":"contact-rechercheeaq-quebec","18":"first","19":"instock","20":"downloadable","21":"virtual","22":"sold-individually","23":"taxable","24":"purchasable","25":"product-type-simple"},"_links":{"self":[{"href":"https:\/\/www.evenementsattractions.quebec\/boutique\/wp-json\/wp\/v2\/product\/415","targetHints":{"allow":["GET"]}}],"collection":[{"href":"https:\/\/www.evenementsattractions.quebec\/boutique\/wp-json\/wp\/v2\/product"}],"about":[{"href":"https:\/\/www.evenementsattractions.quebec\/boutique\/wp-json\/wp\/v2\/types\/product"}],"wp:featuredmedia":[{"embeddable":true,"href":"https:\/\/www.evenementsattractions.quebec\/boutique\/wp-json\/wp\/v2\/media\/686"}],"wp:attachment":[{"href":"https:\/\/www.evenementsattractions.quebec\/boutique\/wp-json\/wp\/v2\/media?parent=415"}],"curies":[{"name":"wp","href":"https:\/\/api.w.org\/{rel}","templated":true}]}}