{"id":192,"date":"2025-03-10T11:23:01","date_gmt":"2025-03-10T15:23:01","guid":{"rendered":"https:\/\/evenementsattractions.quebec\/boutique\/?post_type=product&#038;p=192"},"modified":"2025-09-17T10:34:09","modified_gmt":"2025-09-17T14:34:09","slug":"donnees-globales-des-intentions-de-visites-hivernales-des-ontariennes-au-quebec-2024-2025","status":"publish","type":"product","link":"https:\/\/www.evenementsattractions.quebec\/boutique\/produit\/donnees-globales-des-intentions-de-visites-hivernales-des-ontariennes-au-quebec-2024-2025\/","title":{"rendered":"Donn\u00e9es globales des intentions de visite hivernales des Ontarien(ne)s en 2024"},"content":{"rendered":"<p>L\u2019infographie pr\u00e9sente les r\u00e9sultats d&rsquo;une enqu\u00eate sur les intentions de visites hivernales des Ontarien(ne)s au Qu\u00e9bec pour l\u2019hiver 2024-2025. Elle r\u00e9v\u00e8le que 73 % des Ontarien(ne)s qui comptent visiter le Qu\u00e9bec \u00e0 l\u2019hiver 2024-2025 pr\u00e9voient participer \u00e0 au moins un festival, \u00e9v\u00e9nement ou attraction. Parmi les activit\u00e9s les plus populaires, nous retrouvons en t\u00eate de classement les festivals et \u00e9v\u00e9nements (93 %), les march\u00e9s de No\u00ebl (80 %), les activit\u00e9s culturelles et spectacles (86 % ) et les activit\u00e9s de randonn\u00e9e r\u00e9cr\u00e9ative (80 %). De plus, le budget m\u00e9dian pr\u00e9vu pour les sorties hivernales est de 400 $, avec une moyenne de 3,4 activit\u00e9s par personne.<br \/>\nNos membres devraient consulter cette infographie pour mieux comprendre les intentions et les pr\u00e9f\u00e9rences des Ontarien(ne)s pour l\u2019hiver 2024-2025. Cela leur permettra d\u2019ajuster leur offre et de maximiser l&rsquo;attrait de leurs services, augmentant ainsi leur fr\u00e9quentation et leurs revenus.<\/p>\n","protected":false},"excerpt":{"rendered":"<p>73 % des Ontarien(ne)s qui comptent visiter le Qu\u00e9bec \u00e0 l\u2019hiver 2024-2025 pr\u00e9voient participer \u00e0 au moins un festival, \u00e9v\u00e9nement ou attraction, ce qui d\u00e9montre l\u2019engouement significatif de la population pour les activit\u00e9s hivernales et les opportunit\u00e9s que cela repr\u00e9sente pour les membres.<\/p>\n","protected":false},"featured_media":653,"template":"","meta":[],"class_list":{"0":"post-192","1":"product","2":"type-product","3":"status-publish","4":"has-post-thumbnail","6":"thematiques-marketing","7":"dates-49","8":"formats-infographie","9":"acces-accessible-a-tous","10":"tarifs-gratuit-pour-tous","11":"cibles-festivals-et-evenements","12":"cibles-attractions-touristiques","13":"cibles-corporations-touristiques","14":"mentions-ce-contenu-a-ete-realise-par-lequipe-recherche-et-intelligence-daffaires-deaq","15":"contact-rechercheeaq-quebec","17":"first","18":"instock","19":"downloadable","20":"virtual","21":"sold-individually","22":"taxable","23":"purchasable","24":"product-type-simple"},"_links":{"self":[{"href":"https:\/\/www.evenementsattractions.quebec\/boutique\/wp-json\/wp\/v2\/product\/192","targetHints":{"allow":["GET"]}}],"collection":[{"href":"https:\/\/www.evenementsattractions.quebec\/boutique\/wp-json\/wp\/v2\/product"}],"about":[{"href":"https:\/\/www.evenementsattractions.quebec\/boutique\/wp-json\/wp\/v2\/types\/product"}],"wp:featuredmedia":[{"embeddable":true,"href":"https:\/\/www.evenementsattractions.quebec\/boutique\/wp-json\/wp\/v2\/media\/653"}],"wp:attachment":[{"href":"https:\/\/www.evenementsattractions.quebec\/boutique\/wp-json\/wp\/v2\/media?parent=192"}],"curies":[{"name":"wp","href":"https:\/\/api.w.org\/{rel}","templated":true}]}}