{"id":191,"date":"2025-03-10T11:19:06","date_gmt":"2025-03-10T15:19:06","guid":{"rendered":"https:\/\/evenementsattractions.quebec\/boutique\/?post_type=product&#038;p=191"},"modified":"2025-09-17T10:03:40","modified_gmt":"2025-09-17T14:03:40","slug":"donnees-globales-des-intentions-de-visites-estivales-2024","status":"publish","type":"product","link":"https:\/\/www.evenementsattractions.quebec\/boutique\/produit\/donnees-globales-des-intentions-de-visites-estivales-2024\/","title":{"rendered":"Donn\u00e9es globales des intentions de visite estivales des Qu\u00e9b\u00e9cois(es) en 2024"},"content":{"rendered":"<p>L\u2019infographie pr\u00e9sente les r\u00e9sultats d&rsquo;une enqu\u00eate sur les intentions de visites estivales des Qu\u00e9b\u00e9cois(es) pour l&rsquo;\u00e9t\u00e9 2024. Elle r\u00e9v\u00e8le que 95 % des Qu\u00e9b\u00e9cois(es) pr\u00e9voient participer \u00e0 au moins un festival, \u00e9v\u00e9nement ou attraction durant l&rsquo;\u00e9t\u00e9 2024. Parmi les activit\u00e9s les plus populaires, nous retrouvons en t\u00eate de classement la visite de sites naturels ou parcs (75 %), la participation \u00e0 des festivals et \u00e9v\u00e9nements (72 %), et la visite de mus\u00e9es ou centres d&rsquo;interpr\u00e9tation (64 %). De plus, le budget m\u00e9dian pr\u00e9vu pour les sorties estivales est de 250 $, avec une moyenne de 2,6 activit\u00e9s par personne.<br \/>\nNos membres devraient consulter cette infographie pour mieux comprendre les intentions et les pr\u00e9f\u00e9rences des Qu\u00e9b\u00e9cois(es) pour l&rsquo;\u00e9t\u00e9 2024. Cela leur permettra d\u2019ajuster leur offre et de maximiser l&rsquo;attrait de leurs services, augmentant ainsi leur fr\u00e9quentation et leurs revenus.<\/p>\n","protected":false},"excerpt":{"rendered":"<p>95 % des Qu\u00e9b\u00e9cois(es) pr\u00e9voient participer \u00e0 au moins un festival, \u00e9v\u00e9nement ou attraction durant l&rsquo;\u00e9t\u00e9 2024, ce qui d\u00e9montre l\u2019engouement significatif de la population pour les activit\u00e9s estivales et les opportunit\u00e9s que cela repr\u00e9sente pour les membres.<\/p>\n","protected":false},"featured_media":651,"template":"","meta":[],"class_list":{"0":"post-191","1":"product","2":"type-product","3":"status-publish","4":"has-post-thumbnail","6":"thematiques-marketing","7":"dates-49","8":"formats-infographie","9":"acces-accessible-a-tous","10":"tarifs-gratuit-pour-tous","11":"cibles-festivals-et-evenements","12":"cibles-attractions-touristiques","13":"cibles-corporations-touristiques","14":"mentions-ce-contenu-a-ete-realise-par-lequipe-recherche-et-intelligence-daffaires-deaq","15":"contact-rechercheeaq-quebec","17":"first","18":"instock","19":"downloadable","20":"virtual","21":"sold-individually","22":"taxable","23":"purchasable","24":"product-type-simple"},"_links":{"self":[{"href":"https:\/\/www.evenementsattractions.quebec\/boutique\/wp-json\/wp\/v2\/product\/191","targetHints":{"allow":["GET"]}}],"collection":[{"href":"https:\/\/www.evenementsattractions.quebec\/boutique\/wp-json\/wp\/v2\/product"}],"about":[{"href":"https:\/\/www.evenementsattractions.quebec\/boutique\/wp-json\/wp\/v2\/types\/product"}],"wp:featuredmedia":[{"embeddable":true,"href":"https:\/\/www.evenementsattractions.quebec\/boutique\/wp-json\/wp\/v2\/media\/651"}],"wp:attachment":[{"href":"https:\/\/www.evenementsattractions.quebec\/boutique\/wp-json\/wp\/v2\/media?parent=191"}],"curies":[{"name":"wp","href":"https:\/\/api.w.org\/{rel}","templated":true}]}}