{"id":190,"date":"2025-03-10T11:02:42","date_gmt":"2025-03-10T15:02:42","guid":{"rendered":"https:\/\/evenementsattractions.quebec\/boutique\/?post_type=product&#038;p=190"},"modified":"2025-09-17T10:44:53","modified_gmt":"2025-09-17T14:44:53","slug":"bilan-dachalandage-estival-2024","status":"publish","type":"product","link":"https:\/\/www.evenementsattractions.quebec\/boutique\/produit\/bilan-dachalandage-estival-2024\/","title":{"rendered":"Bilan d\u2019achalandage estival 2024"},"content":{"rendered":"<p>Ce rapport trace un portrait de la fr\u00e9quentation des attractions touristiques du Qu\u00e9bec entre mai et ao\u00fbt 2024.<br \/>\nL&rsquo;\u00e9t\u00e9 2024 a \u00e9t\u00e9 marqu\u00e9 par une augmentation g\u00e9n\u00e9rale de l&rsquo;achalandage de 9,4 % par rapport \u00e0 2023, notamment gr\u00e2ce \u00e0 des conditions m\u00e9t\u00e9orologiques plus favorables. Plus de la moiti\u00e9 des attractions (57,3 %) ont enregistr\u00e9 une hausse de fr\u00e9quentation, avec des augmentations notables dans les casinos et salons de jeux (25,8 %), les parcs et sites naturels (20,2 %), et les visites industrielles (17,9 %). Les r\u00e9gions \u00e9loign\u00e9es et Montr\u00e9al ont particuli\u00e8rement bien perform\u00e9, retrouvant des niveaux d&rsquo;achalandage sup\u00e9rieurs \u00e0 ceux de 2019.<br \/>\nEn consultant ce rapport, les attractions peuvent am\u00e9liorer leur compr\u00e9hension des dynamiques de fr\u00e9quentation et ajuster leurs strat\u00e9gies en cons\u00e9quence afin de maximiser leur attractivit\u00e9 et leur achalandage futur.<\/p>\n","protected":false},"excerpt":{"rendered":"<p>En 2024, les attractions membres ont enregistr\u00e9 une hausse de la fr\u00e9quentation de 9,4 % par rapport \u00e0 2023, refl\u00e9tant un secteur en bonne sant\u00e9 malgr\u00e9 le contexte \u00e9conomique et les d\u00e9fis qui ont pu entraver l\u2019acc\u00e8s \u00e0 certaines attractions.<\/p>\n","protected":false},"featured_media":655,"template":"","meta":[],"class_list":{"0":"post-190","1":"product","2":"type-product","3":"status-publish","4":"has-post-thumbnail","6":"thematiques-marketing","7":"dates-49","8":"formats-infographie","9":"acces-accessible-a-tous","10":"tarifs-gratuit-pour-tous","11":"cibles-attractions-touristiques","12":"cibles-corporations-touristiques","13":"mentions-ce-contenu-a-ete-realise-par-lequipe-recherche-et-intelligence-daffaires-deaq","14":"contact-rechercheeaq-quebec","16":"first","17":"instock","18":"downloadable","19":"virtual","20":"sold-individually","21":"taxable","22":"purchasable","23":"product-type-simple"},"_links":{"self":[{"href":"https:\/\/www.evenementsattractions.quebec\/boutique\/wp-json\/wp\/v2\/product\/190","targetHints":{"allow":["GET"]}}],"collection":[{"href":"https:\/\/www.evenementsattractions.quebec\/boutique\/wp-json\/wp\/v2\/product"}],"about":[{"href":"https:\/\/www.evenementsattractions.quebec\/boutique\/wp-json\/wp\/v2\/types\/product"}],"wp:featuredmedia":[{"embeddable":true,"href":"https:\/\/www.evenementsattractions.quebec\/boutique\/wp-json\/wp\/v2\/media\/655"}],"wp:attachment":[{"href":"https:\/\/www.evenementsattractions.quebec\/boutique\/wp-json\/wp\/v2\/media?parent=190"}],"curies":[{"name":"wp","href":"https:\/\/api.w.org\/{rel}","templated":true}]}}