{"id":189,"date":"2025-03-10T11:00:15","date_gmt":"2025-03-10T15:00:15","guid":{"rendered":"https:\/\/evenementsattractions.quebec\/boutique\/?post_type=product&#038;p=189"},"modified":"2025-09-18T10:32:51","modified_gmt":"2025-09-18T14:32:51","slug":"portrait-du-tourisme-au-quebec-en-2023-2024","status":"publish","type":"product","link":"https:\/\/www.evenementsattractions.quebec\/boutique\/produit\/portrait-du-tourisme-au-quebec-en-2023-2024\/","title":{"rendered":"Portrait du tourisme au Qu\u00e9bec en 2023"},"content":{"rendered":"<p>L\u2019infographie trace le portrait des touristes ayant visit\u00e9 la province du Qu\u00e9bec en 2023. La majorit\u00e9 des touristes est originaire de la province (89,7 %), suivi des Ontarien(ne)s (8,8 %). En moyenne, les touristes d\u00e9pensent 436 $ pendant leur s\u00e9jour. Par ailleurs, les principales activit\u00e9s pratiqu\u00e9es par les touristes de la province sont les activit\u00e9s r\u00e9cr\u00e9atives ou sportives, les visites touristiques en g\u00e9n\u00e9ral, les visites de parcs et sites naturels, puis la participation \u00e0 des festivals et \u00e9v\u00e9nements.<br \/>\nNos membres devraient consulter cette infographie pour mieux comprendre les comportements et les pr\u00e9f\u00e9rences des touristes au Qu\u00e9bec. Cela leur permettra d&rsquo;adapter leur offre et de maximiser l&rsquo;attrait de leurs services pour ce segment de visiteur(-euse)s, augmentant ainsi leur fr\u00e9quentation et leurs revenus.<\/p>\n","protected":false},"excerpt":{"rendered":"<p>89,7 % des touristes qui visitent le Qu\u00e9bec sont originaires de la province, tandis que 8,8 % proviennent de l\u2019Ontario.<\/p>\n","protected":false},"featured_media":702,"template":"","meta":[],"class_list":{"0":"post-189","1":"product","2":"type-product","3":"status-publish","4":"has-post-thumbnail","6":"thematiques-marketing","7":"dates-49","8":"formats-infographie","9":"acces-accessible-a-tous","10":"tarifs-gratuit-pour-tous","11":"cibles-festivals-et-evenements","12":"cibles-attractions-touristiques","13":"cibles-corporations-touristiques","14":"mentions-ce-contenu-a-ete-realise-par-lequipe-recherche-et-intelligence-daffaires-deaq","15":"contact-rechercheeaq-quebec","17":"first","18":"instock","19":"downloadable","20":"virtual","21":"sold-individually","22":"taxable","23":"purchasable","24":"product-type-simple"},"_links":{"self":[{"href":"https:\/\/www.evenementsattractions.quebec\/boutique\/wp-json\/wp\/v2\/product\/189","targetHints":{"allow":["GET"]}}],"collection":[{"href":"https:\/\/www.evenementsattractions.quebec\/boutique\/wp-json\/wp\/v2\/product"}],"about":[{"href":"https:\/\/www.evenementsattractions.quebec\/boutique\/wp-json\/wp\/v2\/types\/product"}],"wp:featuredmedia":[{"embeddable":true,"href":"https:\/\/www.evenementsattractions.quebec\/boutique\/wp-json\/wp\/v2\/media\/702"}],"wp:attachment":[{"href":"https:\/\/www.evenementsattractions.quebec\/boutique\/wp-json\/wp\/v2\/media?parent=189"}],"curies":[{"name":"wp","href":"https:\/\/api.w.org\/{rel}","templated":true}]}}