{"id":188,"date":"2025-03-10T10:58:00","date_gmt":"2025-03-10T14:58:00","guid":{"rendered":"https:\/\/evenementsattractions.quebec\/boutique\/?post_type=product&#038;p=188"},"modified":"2025-09-17T16:06:30","modified_gmt":"2025-09-17T20:06:30","slug":"profil-des-touristes-ontariennes-au-quebec-en-2023-infographie-2024-2","status":"publish","type":"product","link":"https:\/\/www.evenementsattractions.quebec\/boutique\/produit\/profil-des-touristes-ontariennes-au-quebec-en-2023-infographie-2024-2\/","title":{"rendered":"Profil des touristes Ontarien(ne)s au Qu\u00e9bec en 2023"},"content":{"rendered":"<p>Le document pr\u00e9sente une analyse d\u00e9taill\u00e9e des touristes Ontarien(ne)s par rapport \u00e0 l&rsquo;ensemble des touristes Canadien(ne)s visitant la province du Qu\u00e9bec en 2023. Les touristes Ontarien(ne)s repr\u00e9sentent 8,8 % du total des visiteur(-euse)s au Qu\u00e9bec et d\u00e9pensent en moyenne 519 $ par visite, ce qui est sup\u00e9rieur \u00e0 la moyenne des touristes Canadien(ne)s. Par ailleurs, les principales activit\u00e9s pratiqu\u00e9es par les touristes Ontarien(ne)s sont les activit\u00e9s r\u00e9cr\u00e9atives ou sportives, les visites touristiques en g\u00e9n\u00e9ral et les visites de sites historiques et patrimoniaux.<br \/>\nNos membres devraient consulter cette infographie pour mieux comprendre les comportements et les pr\u00e9f\u00e9rences des touristes Ontarien(ne)s. Cela leur permettra d&rsquo;adapter leur offre et de maximiser l&rsquo;attrait de leurs services pour ce segment de visiteur(-euse)s, augmentant ainsi leur fr\u00e9quentation et leurs revenus.<\/p>\n","protected":false},"excerpt":{"rendered":"<p>Les touristes Ontarien(ne)s repr\u00e9sentent 8,8 % du total des visiteur(-euse)s Canadien(ne)s au Qu\u00e9bec en 2023. Ce segment est donc tr\u00e8s important pour la province.<\/p>\n","protected":false},"featured_media":697,"template":"","meta":[],"class_list":{"0":"post-188","1":"product","2":"type-product","3":"status-publish","4":"has-post-thumbnail","6":"thematiques-marketing","7":"dates-49","8":"formats-infographie","9":"acces-accessible-a-tous","10":"tarifs-gratuit-pour-tous","11":"cibles-festivals-et-evenements","12":"cibles-attractions-touristiques","13":"cibles-corporations-touristiques","14":"mentions-ce-contenu-a-ete-realise-par-lequipe-recherche-et-intelligence-daffaires-deaq","15":"contact-rechercheeaq-quebec","17":"first","18":"instock","19":"downloadable","20":"virtual","21":"sold-individually","22":"taxable","23":"purchasable","24":"product-type-simple"},"_links":{"self":[{"href":"https:\/\/www.evenementsattractions.quebec\/boutique\/wp-json\/wp\/v2\/product\/188","targetHints":{"allow":["GET"]}}],"collection":[{"href":"https:\/\/www.evenementsattractions.quebec\/boutique\/wp-json\/wp\/v2\/product"}],"about":[{"href":"https:\/\/www.evenementsattractions.quebec\/boutique\/wp-json\/wp\/v2\/types\/product"}],"wp:featuredmedia":[{"embeddable":true,"href":"https:\/\/www.evenementsattractions.quebec\/boutique\/wp-json\/wp\/v2\/media\/697"}],"wp:attachment":[{"href":"https:\/\/www.evenementsattractions.quebec\/boutique\/wp-json\/wp\/v2\/media?parent=188"}],"curies":[{"name":"wp","href":"https:\/\/api.w.org\/{rel}","templated":true}]}}