{"id":185,"date":"2025-03-10T10:51:58","date_gmt":"2025-03-10T14:51:58","guid":{"rendered":"https:\/\/evenementsattractions.quebec\/boutique\/?post_type=product&#038;p=185"},"modified":"2025-09-17T11:47:08","modified_gmt":"2025-09-17T15:47:08","slug":"ecosysteme-des-festivals-et-evenements-sportifs-2024","status":"publish","type":"product","link":"https:\/\/www.evenementsattractions.quebec\/boutique\/produit\/ecosysteme-des-festivals-et-evenements-sportifs-2024\/","title":{"rendered":"\u00c9cosyst\u00e8me des festivals et \u00e9v\u00e9nements sportifs"},"content":{"rendered":"<p>L\u2019infographie brosse un portrait de l\u2019\u00e9cosyst\u00e8me des festivals et \u00e9v\u00e9nements sportifs au Qu\u00e9bec. Il met en lumi\u00e8re les interactions entre les secteurs sportif, public et parapublic, et priv\u00e9. L\u2019\u00e9l\u00e9ment frappant est la diversit\u00e9 des organisations impliqu\u00e9es dans l\u2019\u00e9cosyst\u00e8me. Les gouvernements et municipalit\u00e9s jouent un r\u00f4le crucial en fournissant des services municipaux n\u00e9cessaires et des programmes de financement pour soutenir ces \u00e9v\u00e9nements. Les \u00e9v\u00e9nements sportifs b\u00e9n\u00e9ficient \u00e9galement de partenariats avec des entreprises commerciales, des OBNL, des institutions scolaires et des associations touristiques, ce qui renforce leur impact et leur port\u00e9e.<br \/>\nNos membres devraient consulter cette infographie pour mieux comprendre les dynamiques de l&rsquo;\u00e9cosyst\u00e8me sportif et ajuster leurs strat\u00e9gies de collaboration et de financement au besoin. Cela leur permettra d\u2019optimiser leur planification et de maximiser leur impact et leur succ\u00e8s.<\/p>\n","protected":false},"excerpt":{"rendered":"<p>L\u2019\u00e9cosyst\u00e8me des festivals et \u00e9v\u00e9nements sportifs au Qu\u00e9bec implique de nombreux intervenants des secteurs sportif, priv\u00e9, public et parapublic.<\/p>\n","protected":false},"featured_media":663,"template":"","meta":[],"class_list":{"0":"post-185","1":"product","2":"type-product","3":"status-publish","4":"has-post-thumbnail","6":"thematiques-marketing","7":"dates-49","8":"formats-infographie","9":"acces-accessible-a-tous","10":"tarifs-gratuit-pour-tous","11":"cibles-festivals-et-evenements","12":"mentions-ce-contenu-a-ete-realise-par-lequipe-recherche-et-intelligence-daffaires-deaq","13":"contact-rechercheeaq-quebec","15":"first","16":"instock","17":"downloadable","18":"virtual","19":"sold-individually","20":"taxable","21":"purchasable","22":"product-type-simple"},"_links":{"self":[{"href":"https:\/\/www.evenementsattractions.quebec\/boutique\/wp-json\/wp\/v2\/product\/185","targetHints":{"allow":["GET"]}}],"collection":[{"href":"https:\/\/www.evenementsattractions.quebec\/boutique\/wp-json\/wp\/v2\/product"}],"about":[{"href":"https:\/\/www.evenementsattractions.quebec\/boutique\/wp-json\/wp\/v2\/types\/product"}],"wp:featuredmedia":[{"embeddable":true,"href":"https:\/\/www.evenementsattractions.quebec\/boutique\/wp-json\/wp\/v2\/media\/663"}],"wp:attachment":[{"href":"https:\/\/www.evenementsattractions.quebec\/boutique\/wp-json\/wp\/v2\/media?parent=185"}],"curies":[{"name":"wp","href":"https:\/\/api.w.org\/{rel}","templated":true}]}}