{"id":179,"date":"2025-03-10T10:12:47","date_gmt":"2025-03-10T14:12:47","guid":{"rendered":"https:\/\/evenementsattractions.quebec\/boutique\/?post_type=product&#038;p=179"},"modified":"2025-09-17T16:12:44","modified_gmt":"2025-09-17T20:12:44","slug":"provenance-des-festivalier-ieres-2023-2024","status":"publish","type":"product","link":"https:\/\/www.evenementsattractions.quebec\/boutique\/produit\/provenance-des-festivalier-ieres-2023-2024\/","title":{"rendered":"Provenance des festivalier(-i\u00e8re)s 2023"},"content":{"rendered":"<p>L\u2019infographie dresse un portrait d\u00e9taill\u00e9 de la provenance des festivalier(-i\u00e8re)s dans divers festivals et \u00e9v\u00e9nements au Qu\u00e9bec. Il met en lumi\u00e8re les types de participant(e)s et leurs origines g\u00e9ographiques. En 2023, un(e) festivalier(-i\u00e8re) sur trois est un(e) touriste ou un(e) excursionniste, avec les touristes comptant pour 26,4 % des participant(e)s, ce qui d\u00e9montre l\u2019attractivit\u00e9 des festivals et leur impact \u00e9conomique sur le tourisme local. Par ailleurs, les r\u00e9gions de Montr\u00e9al et Qu\u00e9bec attirent une proportion \u00e9lev\u00e9e de touristes provenant de l&rsquo;ext\u00e9rieur de la province, tandis que les autres r\u00e9gions du Qu\u00e9bec sont davantage fr\u00e9quent\u00e9es par des Qu\u00e9b\u00e9cois(es).<\/p>\n<p>En commandant cette infographie, nos membres pourront mieux comprendre les dynamiques de fr\u00e9quentation des festivals et \u00e9v\u00e9nements, ajuster leurs strat\u00e9gies de marketing, et optimiser leur planification \u00e9v\u00e9nementielle en fonction. Cela leur permettra de maximiser leur impact et leur succ\u00e8s.<\/p>\n","protected":false},"excerpt":{"rendered":"<p>La fr\u00e9quentation des festivals et \u00e9v\u00e9nements du Qu\u00e9bec refl\u00e8te une tr\u00e8s grande diversit\u00e9 g\u00e9ographique, avec une nette pr\u00e9dominance de l&rsquo;international pour certains \u00e9v\u00e9nements. Cela souligne l&rsquo;attractivit\u00e9 des festivals qu\u00e9b\u00e9cois pour les visiteur(-euse)s provenant de l\u2019ext\u00e9rieur du Qu\u00e9bec et leur impact \u00e9conomique significatif sur le tourisme local.<\/p>\n","protected":false},"featured_media":698,"template":"","meta":[],"class_list":{"0":"post-179","1":"product","2":"type-product","3":"status-publish","4":"has-post-thumbnail","6":"thematiques-marketing","7":"dates-49","8":"formats-infographie","9":"acces-accessible-a-tous","10":"tarifs-gratuit-pour-tous","11":"cibles-festivals-et-evenements","12":"mentions-ce-contenu-a-ete-realise-par-lequipe-recherche-et-intelligence-daffaires-deaq","13":"contact-rechercheeaq-quebec","15":"first","16":"instock","17":"downloadable","18":"virtual","19":"sold-individually","20":"taxable","21":"purchasable","22":"product-type-simple"},"_links":{"self":[{"href":"https:\/\/www.evenementsattractions.quebec\/boutique\/wp-json\/wp\/v2\/product\/179","targetHints":{"allow":["GET"]}}],"collection":[{"href":"https:\/\/www.evenementsattractions.quebec\/boutique\/wp-json\/wp\/v2\/product"}],"about":[{"href":"https:\/\/www.evenementsattractions.quebec\/boutique\/wp-json\/wp\/v2\/types\/product"}],"wp:featuredmedia":[{"embeddable":true,"href":"https:\/\/www.evenementsattractions.quebec\/boutique\/wp-json\/wp\/v2\/media\/698"}],"wp:attachment":[{"href":"https:\/\/www.evenementsattractions.quebec\/boutique\/wp-json\/wp\/v2\/media?parent=179"}],"curies":[{"name":"wp","href":"https:\/\/api.w.org\/{rel}","templated":true}]}}