{"id":177,"date":"2025-03-10T09:32:40","date_gmt":"2025-03-10T13:32:40","guid":{"rendered":"https:\/\/evenementsattractions.quebec\/boutique\/?post_type=product&#038;p=177"},"modified":"2025-10-15T11:33:22","modified_gmt":"2025-10-15T15:33:22","slug":"recrutez-des-benevoles-grace-au-festi-volontourisme","status":"publish","type":"product","link":"https:\/\/www.evenementsattractions.quebec\/boutique\/produit\/recrutez-des-benevoles-grace-au-festi-volontourisme\/","title":{"rendered":"Recrutez des b\u00e9n\u00e9voles gr\u00e2ce au festi-volontourisme"},"content":{"rendered":"<p>Le feuillet explore le concept de \u00ab\u00a0festi-volontourisme\u00a0\u00bb, une tendance croissante o\u00f9 les b\u00e9n\u00e9voles se d\u00e9placent au-del\u00e0 de leur r\u00e9gion pour participer \u00e0 des festivals et \u00e9v\u00e9nements. En 2023, ce ph\u00e9nom\u00e8ne repr\u00e9sente 25 % des b\u00e9n\u00e9voles. Le document met en lumi\u00e8re les motivations des festi-volontouristes, telles que la solidarit\u00e9 envers l\u2019\u00e9v\u00e9nement et la volont\u00e9 de rencontrer de nouvelles personnes. Il propose \u00e9galement des astuces pour tirer profit du festi-volontourisme, comme valoriser l\u2019exp\u00e9rience volontaire et utiliser des plateformes en ligne pour recruter des b\u00e9n\u00e9voles.<\/p>\n<p>En commandant ce document, les festivals et \u00e9v\u00e9nements pourront b\u00e9n\u00e9ficier de strat\u00e9gies \u00e9prouv\u00e9es pour optimiser leur recrutement de b\u00e9n\u00e9voles, cr\u00e9er une communaut\u00e9 engag\u00e9e et maximiser l&rsquo;impact de leurs \u00e9v\u00e9nements.<\/p>\n","protected":false},"excerpt":{"rendered":"<p>Parmi les 25 % des b\u00e9n\u00e9voles qui ont agi en dehors de leur r\u00e9gion de r\u00e9sidence en 2023, la majorit\u00e9 est \u00e2g\u00e9e de 46 \u00e0 65 ans.<\/p>\n","protected":false},"featured_media":639,"template":"","meta":[],"class_list":{"0":"post-177","1":"product","2":"type-product","3":"status-publish","4":"has-post-thumbnail","6":"thematiques-benevolat","7":"dates-49","8":"formats-feuillet","9":"acces-accessible-a-tous","10":"tarifs-gratuit-pour-les-membres","11":"tarifs-payant-pour-les-non-membres","12":"cibles-festivals-et-evenements","13":"mentions-ce-contenu-a-ete-realise-par-lequipe-recherche-et-intelligence-daffaires-deaq","14":"contact-rechercheeaq-quebec","16":"first","17":"instock","18":"downloadable","19":"virtual","20":"sold-individually","21":"taxable","22":"purchasable","23":"product-type-simple"},"_links":{"self":[{"href":"https:\/\/www.evenementsattractions.quebec\/boutique\/wp-json\/wp\/v2\/product\/177","targetHints":{"allow":["GET"]}}],"collection":[{"href":"https:\/\/www.evenementsattractions.quebec\/boutique\/wp-json\/wp\/v2\/product"}],"about":[{"href":"https:\/\/www.evenementsattractions.quebec\/boutique\/wp-json\/wp\/v2\/types\/product"}],"wp:featuredmedia":[{"embeddable":true,"href":"https:\/\/www.evenementsattractions.quebec\/boutique\/wp-json\/wp\/v2\/media\/639"}],"wp:attachment":[{"href":"https:\/\/www.evenementsattractions.quebec\/boutique\/wp-json\/wp\/v2\/media?parent=177"}],"curies":[{"name":"wp","href":"https:\/\/api.w.org\/{rel}","templated":true}]}}