{"id":173,"date":"2025-03-10T09:25:32","date_gmt":"2025-03-10T13:25:32","guid":{"rendered":"https:\/\/evenementsattractions.quebec\/boutique\/?post_type=product&#038;p=173"},"modified":"2025-10-15T11:45:46","modified_gmt":"2025-10-15T15:45:46","slug":"strategies-de-tarification-innovantes-2024-2","status":"publish","type":"product","link":"https:\/\/www.evenementsattractions.quebec\/boutique\/produit\/strategies-de-tarification-innovantes-2024-2\/","title":{"rendered":"Strat\u00e9gies de tarification innovantes"},"content":{"rendered":"<p>Le feuillet strat\u00e9gique explore les nouvelles strat\u00e9gies de tarification adopt\u00e9es par les festivals, \u00e9v\u00e9nements et attractions touristiques au Qu\u00e9bec. Il met en lumi\u00e8re les tendances actuelles et les pratiques innovantes pour maximiser les revenus et l&rsquo;engagement des participant(e)s. La premi\u00e8re des trois strat\u00e9gies pr\u00e9sent\u00e9es est la tarification dynamique, o\u00f9 le prix varie selon la fr\u00e9quentation. La seconde est la strat\u00e9gie \u00ab\u00a0nommez votre prix\u00a0\u00bb qui offre la possibilit\u00e9 aux participant(e)s de payer le montant qu\u2019ils peuvent, avec des piliers pr\u00e9\u00e9tablis. Finalement, la strat\u00e9gie de tarification modul\u00e9e propose des prix diff\u00e9rents en fonction de la flexibilit\u00e9 du billet.<\/p>\n<p>Nos membres devraient commander ce feuillet strat\u00e9gique pour mieux comprendre les tendances tarifaires actuelles, ajuster leurs strat\u00e9gies de prix pour attirer plus de visiteur(-euse)s et optimiser leurs revenus en fonction des attentes du public. Cela leur permettra de maximiser leur impact et leur succ\u00e8s.<\/p>\n","protected":false},"excerpt":{"rendered":"<p>Globalement, les Qu\u00e9b\u00e9cois(es) sont ouvert(e)s aux strat\u00e9gies de tarification innovantes, ce qui est b\u00e9n\u00e9fique pour les festivals, \u00e9v\u00e9nements et attractions touristiques puisque ces strat\u00e9gies leur offrent des opportunit\u00e9s d\u2019accro\u00eetre leur revenus et de mieux r\u00e9pondre aux attentes du public.<\/p>\n","protected":false},"featured_media":703,"template":"","meta":[],"class_list":{"0":"post-173","1":"product","2":"type-product","3":"status-publish","4":"has-post-thumbnail","6":"thematiques-outils-de-gestion","7":"dates-49","8":"formats-feuillet","9":"acces-accessible-a-tous","10":"tarifs-gratuit-pour-les-membres","11":"tarifs-payant-pour-les-non-membres","12":"cibles-festivals-et-evenements","13":"cibles-attractions-touristiques","14":"cibles-corporations-touristiques","15":"mentions-ce-contenu-a-ete-realise-par-lequipe-recherche-et-intelligence-daffaires-deaq","16":"contact-rechercheeaq-quebec","18":"first","19":"instock","20":"downloadable","21":"virtual","22":"sold-individually","23":"taxable","24":"purchasable","25":"product-type-simple"},"_links":{"self":[{"href":"https:\/\/www.evenementsattractions.quebec\/boutique\/wp-json\/wp\/v2\/product\/173","targetHints":{"allow":["GET"]}}],"collection":[{"href":"https:\/\/www.evenementsattractions.quebec\/boutique\/wp-json\/wp\/v2\/product"}],"about":[{"href":"https:\/\/www.evenementsattractions.quebec\/boutique\/wp-json\/wp\/v2\/types\/product"}],"wp:featuredmedia":[{"embeddable":true,"href":"https:\/\/www.evenementsattractions.quebec\/boutique\/wp-json\/wp\/v2\/media\/703"}],"wp:attachment":[{"href":"https:\/\/www.evenementsattractions.quebec\/boutique\/wp-json\/wp\/v2\/media?parent=173"}],"curies":[{"name":"wp","href":"https:\/\/api.w.org\/{rel}","templated":true}]}}