{"id":171,"date":"2025-03-10T09:22:56","date_gmt":"2025-03-10T13:22:56","guid":{"rendered":"https:\/\/evenementsattractions.quebec\/boutique\/?post_type=product&#038;p=171"},"modified":"2025-10-15T11:54:22","modified_gmt":"2025-10-15T15:54:22","slug":"etude-sur-la-tarification-des-attractions-touristiques-2024","status":"publish","type":"product","link":"https:\/\/www.evenementsattractions.quebec\/boutique\/produit\/etude-sur-la-tarification-des-attractions-touristiques-2024\/","title":{"rendered":"\u00c9tude sur la tarification des attractions touristiques"},"content":{"rendered":"<p>Le rapport offre une analyse approfondie des strat\u00e9gies tarifaires adopt\u00e9es par les attractions touristiques au Qu\u00e9bec. Il met en lumi\u00e8re les pratiques tarifaires actuelles et les tendances innovantes pour maximiser les revenus et l&rsquo;engagement des visiteur(-euse)s. Il r\u00e9v\u00e8le que 72,8 % des attractions exigent un tarif d\u2019entr\u00e9e, tandis que 27,2 % sont gratuites. De plus, les tarifs d&rsquo;admission varient consid\u00e9rablement selon le type d&rsquo;attraction, avec une moyenne de 40,06 $ pour un adulte. De nombreux tarifs r\u00e9duits sont \u00e9galement propos\u00e9s aux visiteur(-euse)s, avec 85 % des attractions qui offrent des rabais pour les enfants.<\/p>\n<p>Nos membres devraient consulter ce rapport pour mieux comprendre les pratiques tarifaires actuelles, ajuster leurs strat\u00e9gies de prix pour attirer plus de visiteur(-euse)s au besoin, et optimiser leurs revenus en fonction des tendances et des attentes du public.<\/p>\n","protected":false},"excerpt":{"rendered":"<p>72,8 % des attractions touristiques du Qu\u00e9bec exigent un tarif d\u2019entr\u00e9e, tandis que 27,2 % sont gratuites. Cela dit, de nombreuses attractions gratuites exigent un tarif pour certains services et activit\u00e9s.<\/p>\n","protected":false},"featured_media":229,"template":"","meta":[],"class_list":{"0":"post-171","1":"product","2":"type-product","3":"status-publish","4":"has-post-thumbnail","6":"thematiques-outils-de-gestion","7":"dates-49","8":"formats-rapport","9":"acces-accessible-a-tous","10":"tarifs-gratuit-pour-les-membres","11":"tarifs-payant-pour-les-non-membres","12":"cibles-attractions-touristiques","13":"cibles-corporations-touristiques","14":"mentions-ce-contenu-a-ete-realise-par-lequipe-recherche-et-intelligence-daffaires-deaq","16":"first","17":"instock","18":"downloadable","19":"virtual","20":"sold-individually","21":"taxable","22":"purchasable","23":"product-type-simple"},"_links":{"self":[{"href":"https:\/\/www.evenementsattractions.quebec\/boutique\/wp-json\/wp\/v2\/product\/171","targetHints":{"allow":["GET"]}}],"collection":[{"href":"https:\/\/www.evenementsattractions.quebec\/boutique\/wp-json\/wp\/v2\/product"}],"about":[{"href":"https:\/\/www.evenementsattractions.quebec\/boutique\/wp-json\/wp\/v2\/types\/product"}],"wp:featuredmedia":[{"embeddable":true,"href":"https:\/\/www.evenementsattractions.quebec\/boutique\/wp-json\/wp\/v2\/media\/229"}],"wp:attachment":[{"href":"https:\/\/www.evenementsattractions.quebec\/boutique\/wp-json\/wp\/v2\/media?parent=171"}],"curies":[{"name":"wp","href":"https:\/\/api.w.org\/{rel}","templated":true}]}}