{"id":169,"date":"2025-03-10T09:18:40","date_gmt":"2025-03-10T13:18:40","guid":{"rendered":"https:\/\/evenementsattractions.quebec\/boutique\/?post_type=product&#038;p=169"},"modified":"2025-10-15T11:47:58","modified_gmt":"2025-10-15T15:47:58","slug":"etude-sur-la-tarification-des-festivals-et-evenements-2024","status":"publish","type":"product","link":"https:\/\/www.evenementsattractions.quebec\/boutique\/produit\/etude-sur-la-tarification-des-festivals-et-evenements-2024\/","title":{"rendered":"\u00c9tude sur la tarification des festivals et \u00e9v\u00e9nements"},"content":{"rendered":"<p>Le rapport offre une analyse approfondie des strat\u00e9gies tarifaires adopt\u00e9es par les festivals et \u00e9v\u00e9nements au Qu\u00e9bec. Il met en lumi\u00e8re les pratiques actuelles et innovantes pour optimiser les revenus et l&rsquo;engagement des participant(e)s. Il r\u00e9v\u00e8le que 71,3 % des festivals et \u00e9v\u00e9nements sont payants, proportion plus \u00e9lev\u00e9e en r\u00e9gion. Le budget de fonctionnement influence le mod\u00e8le tarifaire choisi puisque la majorit\u00e9 des \u00e9v\u00e9nements dont le budget est sup\u00e9rieur \u00e0 $5 millions sont payants, tandis que 71,4 % de ceux dont le budget est inf\u00e9rieur \u00e0 50\u00a0000 $ sont gratuits. Par ailleurs, le tarif moyen d\u2019admission pour un adulte est de 41,86 $ et des tarifs pr\u00e9f\u00e9rentiels sont fr\u00e9quemment propos\u00e9s. Enfin, le prix jug\u00e9 acceptable pour un billet d\u2019entr\u00e9e varie selon l\u2019envergue de l\u2019\u00e9v\u00e9nement.<\/p>\n<p>Nos membres devraient commander ce document pour mieux comprendre les dynamiques tarifaires actuelles, ajuster leurs strat\u00e9gies de prix pour attirer plus de visiteur(-euse)s et optimiser leurs revenus en fonction des tendances et des attentes du public. Cela leur permettra de maximiser leur impact et leur succ\u00e8s.<\/p>\n","protected":false},"excerpt":{"rendered":"<p>71,3 % des festivals et \u00e9v\u00e9nements du Qu\u00e9bec sont payants, le choix du mod\u00e8le tarifaire \u00e9tant largement influenc\u00e9 par le budget de fonctionnement de l\u2019\u00e9v\u00e9nement.<\/p>\n","protected":false},"featured_media":679,"template":"","meta":[],"class_list":{"0":"post-169","1":"product","2":"type-product","3":"status-publish","4":"has-post-thumbnail","6":"thematiques-outils-de-gestion","7":"dates-49","8":"formats-rapport","9":"acces-accessible-a-tous","10":"tarifs-gratuit-pour-les-membres","11":"tarifs-payant-pour-les-non-membres","12":"cibles-festivals-et-evenements","13":"mentions-ce-contenu-a-ete-realise-par-lequipe-recherche-et-intelligence-daffaires-deaq","14":"contact-rechercheeaq-quebec","16":"first","17":"instock","18":"downloadable","19":"virtual","20":"sold-individually","21":"taxable","22":"purchasable","23":"product-type-simple"},"_links":{"self":[{"href":"https:\/\/www.evenementsattractions.quebec\/boutique\/wp-json\/wp\/v2\/product\/169","targetHints":{"allow":["GET"]}}],"collection":[{"href":"https:\/\/www.evenementsattractions.quebec\/boutique\/wp-json\/wp\/v2\/product"}],"about":[{"href":"https:\/\/www.evenementsattractions.quebec\/boutique\/wp-json\/wp\/v2\/types\/product"}],"wp:featuredmedia":[{"embeddable":true,"href":"https:\/\/www.evenementsattractions.quebec\/boutique\/wp-json\/wp\/v2\/media\/679"}],"wp:attachment":[{"href":"https:\/\/www.evenementsattractions.quebec\/boutique\/wp-json\/wp\/v2\/media?parent=169"}],"curies":[{"name":"wp","href":"https:\/\/api.w.org\/{rel}","templated":true}]}}